{"id":1267,"date":"2020-08-20T13:50:27","date_gmt":"2020-08-20T10:50:27","guid":{"rendered":"https:\/\/www.cyromromania.ro\/?page_id=1267"},"modified":"2020-11-16T01:36:13","modified_gmt":"2020-11-15T23:36:13","slug":"compliance","status":"publish","type":"page","link":"https:\/\/www.cyromromania.ro\/en\/utile\/compliance\/","title":{"rendered":"Compliance"},"content":{"rendered":"<div data-elementor-type=\"wp-page\" data-elementor-id=\"1267\" class=\"elementor elementor-1267\" data-elementor-post-type=\"page\">\n\t\t\t\t\t\t<section class=\"elementor-section elementor-top-section elementor-element elementor-element-f72b624 elementor-section-boxed elementor-section-height-default elementor-section-height-default\" data-id=\"f72b624\" data-element_type=\"section\" data-e-type=\"section\">\n\t\t\t\t\t\t<div class=\"elementor-container elementor-column-gap-default\">\n\t\t\t\t\t<div class=\"elementor-column elementor-col-100 elementor-top-column elementor-element elementor-element-90c8546\" data-id=\"90c8546\" data-element_type=\"column\" data-e-type=\"column\">\n\t\t\t<div class=\"elementor-widget-wrap elementor-element-populated\">\n\t\t\t\t\t\t<div class=\"elementor-element elementor-element-89cdcdb elementor-widget-divider--view-line elementor-widget elementor-widget-divider\" data-id=\"89cdcdb\" data-element_type=\"widget\" data-e-type=\"widget\" data-widget_type=\"divider.default\">\n\t\t\t\t<div class=\"elementor-widget-container\">\n\t\t\t\t\t\t\t<div class=\"elementor-divider\">\n\t\t\t<span class=\"elementor-divider-separator\">\n\t\t\t\t\t\t<\/span>\n\t\t<\/div>\n\t\t\t\t\t\t<\/div>\n\t\t\t\t<\/div>\n\t\t\t\t\t<\/div>\n\t\t<\/div>\n\t\t\t\t\t<\/div>\n\t\t<\/section>\n\t\t\t\t<section class=\"elementor-section elementor-top-section elementor-element elementor-element-6ac91d1f elementor-section-boxed elementor-section-height-default elementor-section-height-default\" data-id=\"6ac91d1f\" data-element_type=\"section\" data-e-type=\"section\">\n\t\t\t\t\t\t<div class=\"elementor-container elementor-column-gap-default\">\n\t\t\t\t\t<div class=\"elementor-column elementor-col-100 elementor-top-column elementor-element elementor-element-b87cf72\" data-id=\"b87cf72\" data-element_type=\"column\" data-e-type=\"column\">\n\t\t\t<div class=\"elementor-widget-wrap elementor-element-populated\">\n\t\t\t\t\t\t<div class=\"elementor-element elementor-element-6dc253ec elementor-widget elementor-widget-text-editor\" data-id=\"6dc253ec\" data-element_type=\"widget\" data-e-type=\"widget\" data-widget_type=\"text-editor.default\">\n\t\t\t\t<div class=\"elementor-widget-container\">\n\t\t\t\t\t\t\t\t\t<p><strong><em>CYROM ROMANIA<\/em><\/strong> <span style=\"font-size: 16px; font-style: normal; font-weight: 400;\">is committed to following practices of ethical and sustainable integrity when it comes to all its business activities. The associated values \u200b\u200band standards are defined in a code of conduct, an integral part of our corporate culture which forms the basis of all our business activities and decisions.<\/span><\/p>\n<p>In summary, the company&nbsp;<strong><em>CYROM ROMANIA&nbsp;<\/em><\/strong>commits to the following values:<\/p>\t\t\t\t\t\t\t\t<\/div>\n\t\t\t\t<\/div>\n\t\t\t\t<div class=\"elementor-element elementor-element-84be555 elementor-widget elementor-widget-heading\" data-id=\"84be555\" data-element_type=\"widget\" data-e-type=\"widget\" data-widget_type=\"heading.default\">\n\t\t\t\t<div class=\"elementor-widget-container\">\n\t\t\t\t\t<h2 class=\"elementor-heading-title elementor-size-default\">RESOURCE CONSERVATION AND SUSTAINABILITY<\/h2>\t\t\t\t<\/div>\n\t\t\t\t<\/div>\n\t\t\t\t<div class=\"elementor-element elementor-element-cfa5240 elementor-widget elementor-widget-text-editor\" data-id=\"cfa5240\" data-element_type=\"widget\" data-e-type=\"widget\" data-widget_type=\"text-editor.default\">\n\t\t\t\t<div class=\"elementor-widget-container\">\n\t\t\t\t\t\t\t\t\t<p><strong><em>CYROM ROMANIA&nbsp;<\/em><\/strong>is aware of the ecological impact of both its commercial activities and that of its partners.&nbsp;<strong><em>CYROM ROMANIA <\/em><\/strong><span style=\"font-size: 16px; font-style: normal; font-weight: 400;\">takes this responsibility for the environment seriously and associates exclusively with partners who&nbsp;<\/span><span style=\"font-size: 16px;\">continuously work on improving their practices in order to reduce the environmental impact of their commercial activities.&nbsp;<\/span><strong style=\"font-size: 16px;\"><em>CYROM ROMANIA&nbsp;<\/em><\/strong><span style=\"font-size: 16px;\">is actively contributing to maintaining a healthy working and living environment.<\/span><\/p>\t\t\t\t\t\t\t\t<\/div>\n\t\t\t\t<\/div>\n\t\t\t\t<div class=\"elementor-element elementor-element-0c5081c elementor-widget elementor-widget-heading\" data-id=\"0c5081c\" data-element_type=\"widget\" data-e-type=\"widget\" data-widget_type=\"heading.default\">\n\t\t\t\t<div class=\"elementor-widget-container\">\n\t\t\t\t\t<h2 class=\"elementor-heading-title elementor-size-default\">INTEGRITY AND ETHICS IN BUSINESS<\/h2>\t\t\t\t<\/div>\n\t\t\t\t<\/div>\n\t\t\t\t<div class=\"elementor-element elementor-element-dd56aed elementor-widget elementor-widget-text-editor\" data-id=\"dd56aed\" data-element_type=\"widget\" data-e-type=\"widget\" data-widget_type=\"text-editor.default\">\n\t\t\t\t<div class=\"elementor-widget-container\">\n\t\t\t\t\t\t\t\t\t<p>In relationship with its business partners,\u00a0<strong><em>CYROM ROMANIA\u00a0<\/em><\/strong>is committed to showing respect and honesty. This includes, in particular, fair competition, as well as discretion in regard to trade secrets, other information worthy of protection and confidential information.\u00a0<strong><em>CYROM ROMANIA\u00a0<\/em><\/strong>does not tolerate any form of corruption, extortion and bribery.<\/p>\t\t\t\t\t\t\t\t<\/div>\n\t\t\t\t<\/div>\n\t\t\t\t<div class=\"elementor-element elementor-element-3812ee2 elementor-widget elementor-widget-heading\" data-id=\"3812ee2\" data-element_type=\"widget\" data-e-type=\"widget\" data-widget_type=\"heading.default\">\n\t\t\t\t<div class=\"elementor-widget-container\">\n\t\t\t\t\t<h2 class=\"elementor-heading-title elementor-size-default\">SOCIAL REPONSIBILITY<\/h2>\t\t\t\t<\/div>\n\t\t\t\t<\/div>\n\t\t\t\t<div class=\"elementor-element elementor-element-6dee64b elementor-widget elementor-widget-text-editor\" data-id=\"6dee64b\" data-element_type=\"widget\" data-e-type=\"widget\" data-widget_type=\"text-editor.default\">\n\t\t\t\t<div class=\"elementor-widget-container\">\n\t\t\t\t\t\t\t\t\t<p><strong><em>CYROM ROMANIA\u00a0<\/em><\/strong>is committed to unreservedly respecting and protecting the basic rights and needs of people, human dignity and the basic rights of workers, even in countries where legal requirements do not or do not fully do so.<\/p>\t\t\t\t\t\t\t\t<\/div>\n\t\t\t\t<\/div>\n\t\t\t\t<div class=\"elementor-element elementor-element-a4eb8b1 elementor-widget elementor-widget-heading\" data-id=\"a4eb8b1\" data-element_type=\"widget\" data-e-type=\"widget\" data-widget_type=\"heading.default\">\n\t\t\t\t<div class=\"elementor-widget-container\">\n\t\t\t\t\t<h2 class=\"elementor-heading-title elementor-size-default\">QUALITY<\/h2>\t\t\t\t<\/div>\n\t\t\t\t<\/div>\n\t\t\t\t<div class=\"elementor-element elementor-element-bd28c45 elementor-widget elementor-widget-text-editor\" data-id=\"bd28c45\" data-element_type=\"widget\" data-e-type=\"widget\" data-widget_type=\"text-editor.default\">\n\t\t\t\t<div class=\"elementor-widget-container\">\n\t\t\t\t\t\t\t\t\t<p><strong><em>CYROM ROMANIA\u00a0<\/em><\/strong>is committed to distributing the best quality products and providing the best possible information to its business partners. Our guarantee is that our customers will receive safe, impeccably hygienic and high quality products.<\/p>\t\t\t\t\t\t\t\t<\/div>\n\t\t\t\t<\/div>\n\t\t\t\t<div class=\"elementor-element elementor-element-90ff8e5 elementor-widget elementor-widget-heading\" data-id=\"90ff8e5\" data-element_type=\"widget\" data-e-type=\"widget\" data-widget_type=\"heading.default\">\n\t\t\t\t<div class=\"elementor-widget-container\">\n\t\t\t\t\t<h2 class=\"elementor-heading-title elementor-size-default\">COMPLIANCE WITH THE LAW<\/h2>\t\t\t\t<\/div>\n\t\t\t\t<\/div>\n\t\t\t\t<div class=\"elementor-element elementor-element-6940519 elementor-widget elementor-widget-text-editor\" data-id=\"6940519\" data-element_type=\"widget\" data-e-type=\"widget\" data-widget_type=\"text-editor.default\">\n\t\t\t\t<div class=\"elementor-widget-container\">\n\t\t\t\t\t\t\t\t\t<p><strong><em>CYROM ROMANIA\u00a0<\/em><\/strong>undertakes to comply with national laws and international legal provisions and other external and internal regulations. Our managers are responsible for ensuring that laws that could have been prevented through proper supervision and organization are not violated in their area of \u200b\u200bresponsibility.<\/p><p>In order to detect misconduct, such as bribery, theft, and violation of the company's internal principles of conduct,\u00a0<strong><em>CYROM ROMANIA\u00a0<\/em><\/strong>provides a reporting portal. Employees, business partners and customers who observe possible breaches of the law, of standards or principles of conduct, may report this using the contact information below. The report will be received by the compliance officer, who will immediately investigate the matter.<\/p><p>The submitted reports may be accompanied by documents containing useful information about the breach. Your report will be automatically sent to an email address that only the compliance officer has access to.\u00a0<span style=\"font-size: 16px;\">We investigate all opportunities carefully and, if necessary, take appropriate action.\u00a0<\/span><strong style=\"font-size: 16px;\"><em>CYROM ROMANIA\u00a0<\/em><\/strong><span style=\"font-size: 16px;\">ensures that the information will be kept confidential.<\/span><\/p>\t\t\t\t\t\t\t\t<\/div>\n\t\t\t\t<\/div>\n\t\t\t\t<div class=\"elementor-element elementor-element-f9e47c0 elementor-widget elementor-widget-heading\" data-id=\"f9e47c0\" data-element_type=\"widget\" data-e-type=\"widget\" data-widget_type=\"heading.default\">\n\t\t\t\t<div class=\"elementor-widget-container\">\n\t\t\t\t\t<h3 class=\"elementor-heading-title elementor-size-default\">Conformity Officer<\/h3>\t\t\t\t<\/div>\n\t\t\t\t<\/div>\n\t\t\t\t<div class=\"elementor-element elementor-element-00c4cc2 elementor-icon-list--layout-traditional elementor-list-item-link-full_width elementor-widget elementor-widget-icon-list\" data-id=\"00c4cc2\" data-element_type=\"widget\" data-e-type=\"widget\" data-widget_type=\"icon-list.default\">\n\t\t\t\t<div class=\"elementor-widget-container\">\n\t\t\t\t\t\t\t<ul class=\"elementor-icon-list-items\">\n\t\t\t\t\t\t\t<li class=\"elementor-icon-list-item\">\n\t\t\t\t\t\t\t\t\t\t\t<a href=\"mailto:legal@cyromromania.ro\">\n\n\t\t\t\t\t\t\t\t\t\t\t\t<span class=\"elementor-icon-list-icon\">\n\t\t\t\t\t\t\t<i aria-hidden=\"true\" class=\"fas fa-headset\"><\/i>\t\t\t\t\t\t<\/span>\n\t\t\t\t\t\t\t\t\t\t<span class=\"elementor-icon-list-text\">legal@cyromromania.ro<\/span>\n\t\t\t\t\t\t\t\t\t\t\t<\/a>\n\t\t\t\t\t\t\t\t\t<\/li>\n\t\t\t\t\t\t<\/ul>\n\t\t\t\t\t\t<\/div>\n\t\t\t\t<\/div>\n\t\t\t\t\t<\/div>\n\t\t<\/div>\n\t\t\t\t\t<\/div>\n\t\t<\/section>\n\t\t\t\t<\/div>","protected":false},"excerpt":{"rendered":"<p>CYROM ROMANIA se angajeaz\u0103 s\u0103 aib\u0103 practici \u0219i integritate etic\u0103 \u0219i durabil\u0103 \u00een toate activit\u0103\u021bile sale de afaceri. Valorile \u0219i standardele asociate sunt definite \u00eentr-un cod de conduit\u0103, care constituie baza tuturor activit\u0103\u021bilor \u0219i deciziilor noastre de afaceri \u0219i este parte integrant\u0103 a culturii noastre corporative, obligatorie pentru to\u021bi angaja\u021bii companiei. \u00cen rezumat, compania&nbsp;CYROM ROMANIA&nbsp;se [&hellip;]<\/p>\n","protected":false},"author":3,"featured_media":0,"parent":1276,"menu_order":0,"comment_status":"closed","ping_status":"closed","template":"","meta":{"site-sidebar-layout":"default","site-content-layout":"default","ast-site-content-layout":"default","site-content-style":"default","site-sidebar-style":"default","ast-global-header-display":"","ast-banner-title-visibility":"","ast-main-header-display":"","ast-hfb-above-header-display":"","ast-hfb-below-header-display":"","ast-hfb-mobile-header-display":"","site-post-title":"","ast-breadcrumbs-content":"","ast-featured-img":"","footer-sml-layout":"","theme-transparent-header-meta":"default","adv-header-id-meta":"","stick-header-meta":"","header-above-stick-meta":"","header-main-stick-meta":"","header-below-stick-meta":"","astra-migrate-meta-layouts":"default","ast-page-background-enabled":"default","ast-page-background-meta":{"desktop":{"background-color":"","background-image":"","background-repeat":"repeat","background-position":"center center","background-size":"auto","background-attachment":"scroll","background-type":"","background-media":"","overlay-type":"","overlay-color":"","overlay-opacity":"","overlay-gradient":""},"tablet":{"background-color":"","background-image":"","background-repeat":"repeat","background-position":"center center","background-size":"auto","background-attachment":"scroll","background-type":"","background-media":"","overlay-type":"","overlay-color":"","overlay-opacity":"","overlay-gradient":""},"mobile":{"background-color":"","background-image":"","background-repeat":"repeat","background-position":"center center","background-size":"auto","background-attachment":"scroll","background-type":"","background-media":"","overlay-type":"","overlay-color":"","overlay-opacity":"","overlay-gradient":""}},"ast-content-background-meta":{"desktop":{"background-color":"var(--ast-global-color-5)","background-image":"","background-repeat":"repeat","background-position":"center center","background-size":"auto","background-attachment":"scroll","background-type":"","background-media":"","overlay-type":"","overlay-color":"","overlay-opacity":"","overlay-gradient":""},"tablet":{"background-color":"var(--ast-global-color-5)","background-image":"","background-repeat":"repeat","background-position":"center center","background-size":"auto","background-attachment":"scroll","background-type":"","background-media":"","overlay-type":"","overlay-color":"","overlay-opacity":"","overlay-gradient":""},"mobile":{"background-color":"var(--ast-global-color-5)","background-image":"","background-repeat":"repeat","background-position":"center center","background-size":"auto","background-attachment":"scroll","background-type":"","background-media":"","overlay-type":"","overlay-color":"","overlay-opacity":"","overlay-gradient":""}},"footnotes":""},"class_list":["post-1267","page","type-page","status-publish","hentry"],"yoast_head":"<!-- This site is optimized with the Yoast SEO plugin v27.4 - https:\/\/yoast.com\/product\/yoast-seo-wordpress\/ -->\n<title>Compliance &#8211; Cyrom Romania<\/title>\n<meta name=\"description\" content=\"Cyrom Rom\u00e2nia se angajeaz\u0103 s\u0103 aib\u0103 practici \u0219i integritate etic\u0103 \u0219i durabil\u0103 \u00een toate activit\u0103\u021bile sale de afaceri. Afl\u0103 mai multe!\" \/>\n<meta name=\"robots\" content=\"index, follow, max-snippet:-1, max-image-preview:large, max-video-preview:-1\" \/>\n<link rel=\"canonical\" href=\"https:\/\/www.cyromromania.ro\/en\/utile\/compliance\/\" \/>\n<meta property=\"og:locale\" content=\"en_GB\" \/>\n<meta property=\"og:type\" content=\"article\" \/>\n<meta property=\"og:title\" content=\"Compliance &#8211; Cyrom Romania\" \/>\n<meta property=\"og:description\" content=\"Cyrom Rom\u00e2nia se angajeaz\u0103 s\u0103 aib\u0103 practici \u0219i integritate etic\u0103 \u0219i durabil\u0103 \u00een toate activit\u0103\u021bile sale de afaceri. Afl\u0103 mai multe!\" \/>\n<meta property=\"og:url\" content=\"https:\/\/www.cyromromania.ro\/en\/utile\/compliance\/\" \/>\n<meta property=\"og:site_name\" content=\"Cyrom Romania\" \/>\n<meta property=\"article:publisher\" content=\"https:\/\/www.facebook.com\/pfanner.romania\/\" \/>\n<meta property=\"article:modified_time\" content=\"2020-11-15T23:36:13+00:00\" \/>\n<meta name=\"twitter:card\" content=\"summary_large_image\" \/>\n<meta name=\"twitter:label1\" content=\"Estimated reading time\" \/>\n\t<meta name=\"twitter:data1\" content=\"3 minutes\" \/>\n<script type=\"application\/ld+json\" class=\"yoast-schema-graph\">{\"@context\":\"https:\\\/\\\/schema.org\",\"@graph\":[{\"@type\":\"WebPage\",\"@id\":\"https:\\\/\\\/www.cyromromania.ro\\\/en\\\/utile\\\/compliance\\\/\",\"url\":\"https:\\\/\\\/www.cyromromania.ro\\\/en\\\/utile\\\/compliance\\\/\",\"name\":\"Compliance &#8211; Cyrom Romania\",\"isPartOf\":{\"@id\":\"https:\\\/\\\/www.cyromromania.ro\\\/ro_ro\\\/#website\"},\"datePublished\":\"2020-08-20T10:50:27+00:00\",\"dateModified\":\"2020-11-15T23:36:13+00:00\",\"description\":\"Cyrom Rom\u00e2nia se angajeaz\u0103 s\u0103 aib\u0103 practici \u0219i integritate etic\u0103 \u0219i durabil\u0103 \u00een toate activit\u0103\u021bile sale de afaceri. Afl\u0103 mai multe!\",\"breadcrumb\":{\"@id\":\"https:\\\/\\\/www.cyromromania.ro\\\/en\\\/utile\\\/compliance\\\/#breadcrumb\"},\"inLanguage\":\"en-GB\",\"potentialAction\":[{\"@type\":\"ReadAction\",\"target\":[\"https:\\\/\\\/www.cyromromania.ro\\\/en\\\/utile\\\/compliance\\\/\"]}]},{\"@type\":\"BreadcrumbList\",\"@id\":\"https:\\\/\\\/www.cyromromania.ro\\\/en\\\/utile\\\/compliance\\\/#breadcrumb\",\"itemListElement\":[{\"@type\":\"ListItem\",\"position\":1,\"name\":\"Home\",\"item\":\"https:\\\/\\\/www.cyromromania.ro\\\/\"},{\"@type\":\"ListItem\",\"position\":2,\"name\":\"Utile\",\"item\":\"https:\\\/\\\/www.cyromromania.ro\\\/en\\\/utile\\\/\"},{\"@type\":\"ListItem\",\"position\":3,\"name\":\"Compliance\"}]},{\"@type\":\"WebSite\",\"@id\":\"https:\\\/\\\/www.cyromromania.ro\\\/ro_ro\\\/#website\",\"url\":\"https:\\\/\\\/www.cyromromania.ro\\\/ro_ro\\\/\",\"name\":\"Cyrom Romania\",\"description\":\"\u00cempreun\u0103 din 2002\",\"publisher\":{\"@id\":\"https:\\\/\\\/www.cyromromania.ro\\\/ro_ro\\\/#organization\"},\"potentialAction\":[{\"@type\":\"SearchAction\",\"target\":{\"@type\":\"EntryPoint\",\"urlTemplate\":\"https:\\\/\\\/www.cyromromania.ro\\\/ro_ro\\\/?s={search_term_string}\"},\"query-input\":{\"@type\":\"PropertyValueSpecification\",\"valueRequired\":true,\"valueName\":\"search_term_string\"}}],\"inLanguage\":\"en-GB\"},{\"@type\":\"Organization\",\"@id\":\"https:\\\/\\\/www.cyromromania.ro\\\/ro_ro\\\/#organization\",\"name\":\"CYROM ROMANIA S.R.L.\",\"url\":\"https:\\\/\\\/www.cyromromania.ro\\\/ro_ro\\\/\",\"logo\":{\"@type\":\"ImageObject\",\"inLanguage\":\"en-GB\",\"@id\":\"https:\\\/\\\/www.cyromromania.ro\\\/ro_ro\\\/#\\\/schema\\\/logo\\\/image\\\/\",\"url\":\"https:\\\/\\\/www.cyromromania.ro\\\/wp-content\\\/uploads\\\/2020\\\/11\\\/cropped-Logo-Cyrom-1-2.png\",\"contentUrl\":\"https:\\\/\\\/www.cyromromania.ro\\\/wp-content\\\/uploads\\\/2020\\\/11\\\/cropped-Logo-Cyrom-1-2.png\",\"width\":910,\"height\":268,\"caption\":\"CYROM ROMANIA S.R.L.\"},\"image\":{\"@id\":\"https:\\\/\\\/www.cyromromania.ro\\\/ro_ro\\\/#\\\/schema\\\/logo\\\/image\\\/\"},\"sameAs\":[\"https:\\\/\\\/www.facebook.com\\\/pfanner.romania\\\/\"]}]}<\/script>\n<!-- \/ Yoast SEO plugin. -->","yoast_head_json":{"title":"Compliance &#8211; Cyrom Romania","description":"Cyrom Rom\u00e2nia se angajeaz\u0103 s\u0103 aib\u0103 practici \u0219i integritate etic\u0103 \u0219i durabil\u0103 \u00een toate activit\u0103\u021bile sale de afaceri. Afl\u0103 mai multe!","robots":{"index":"index","follow":"follow","max-snippet":"max-snippet:-1","max-image-preview":"max-image-preview:large","max-video-preview":"max-video-preview:-1"},"canonical":"https:\/\/www.cyromromania.ro\/en\/utile\/compliance\/","og_locale":"en_GB","og_type":"article","og_title":"Compliance &#8211; Cyrom Romania","og_description":"Cyrom Rom\u00e2nia se angajeaz\u0103 s\u0103 aib\u0103 practici \u0219i integritate etic\u0103 \u0219i durabil\u0103 \u00een toate activit\u0103\u021bile sale de afaceri. Afl\u0103 mai multe!","og_url":"https:\/\/www.cyromromania.ro\/en\/utile\/compliance\/","og_site_name":"Cyrom Romania","article_publisher":"https:\/\/www.facebook.com\/pfanner.romania\/","article_modified_time":"2020-11-15T23:36:13+00:00","twitter_card":"summary_large_image","twitter_misc":{"Estimated reading time":"3 minutes"},"schema":{"@context":"https:\/\/schema.org","@graph":[{"@type":"WebPage","@id":"https:\/\/www.cyromromania.ro\/en\/utile\/compliance\/","url":"https:\/\/www.cyromromania.ro\/en\/utile\/compliance\/","name":"Compliance &#8211; Cyrom Romania","isPartOf":{"@id":"https:\/\/www.cyromromania.ro\/ro_ro\/#website"},"datePublished":"2020-08-20T10:50:27+00:00","dateModified":"2020-11-15T23:36:13+00:00","description":"Cyrom Rom\u00e2nia se angajeaz\u0103 s\u0103 aib\u0103 practici \u0219i integritate etic\u0103 \u0219i durabil\u0103 \u00een toate activit\u0103\u021bile sale de afaceri. Afl\u0103 mai multe!","breadcrumb":{"@id":"https:\/\/www.cyromromania.ro\/en\/utile\/compliance\/#breadcrumb"},"inLanguage":"en-GB","potentialAction":[{"@type":"ReadAction","target":["https:\/\/www.cyromromania.ro\/en\/utile\/compliance\/"]}]},{"@type":"BreadcrumbList","@id":"https:\/\/www.cyromromania.ro\/en\/utile\/compliance\/#breadcrumb","itemListElement":[{"@type":"ListItem","position":1,"name":"Home","item":"https:\/\/www.cyromromania.ro\/"},{"@type":"ListItem","position":2,"name":"Utile","item":"https:\/\/www.cyromromania.ro\/en\/utile\/"},{"@type":"ListItem","position":3,"name":"Compliance"}]},{"@type":"WebSite","@id":"https:\/\/www.cyromromania.ro\/ro_ro\/#website","url":"https:\/\/www.cyromromania.ro\/ro_ro\/","name":"Cyrom Romania","description":"\u00cempreun\u0103 din 2002","publisher":{"@id":"https:\/\/www.cyromromania.ro\/ro_ro\/#organization"},"potentialAction":[{"@type":"SearchAction","target":{"@type":"EntryPoint","urlTemplate":"https:\/\/www.cyromromania.ro\/ro_ro\/?s={search_term_string}"},"query-input":{"@type":"PropertyValueSpecification","valueRequired":true,"valueName":"search_term_string"}}],"inLanguage":"en-GB"},{"@type":"Organization","@id":"https:\/\/www.cyromromania.ro\/ro_ro\/#organization","name":"CYROM ROMANIA S.R.L.","url":"https:\/\/www.cyromromania.ro\/ro_ro\/","logo":{"@type":"ImageObject","inLanguage":"en-GB","@id":"https:\/\/www.cyromromania.ro\/ro_ro\/#\/schema\/logo\/image\/","url":"https:\/\/www.cyromromania.ro\/wp-content\/uploads\/2020\/11\/cropped-Logo-Cyrom-1-2.png","contentUrl":"https:\/\/www.cyromromania.ro\/wp-content\/uploads\/2020\/11\/cropped-Logo-Cyrom-1-2.png","width":910,"height":268,"caption":"CYROM ROMANIA S.R.L."},"image":{"@id":"https:\/\/www.cyromromania.ro\/ro_ro\/#\/schema\/logo\/image\/"},"sameAs":["https:\/\/www.facebook.com\/pfanner.romania\/"]}]}},"_links":{"self":[{"href":"https:\/\/www.cyromromania.ro\/en\/wp-json\/wp\/v2\/pages\/1267","targetHints":{"allow":["GET"]}}],"collection":[{"href":"https:\/\/www.cyromromania.ro\/en\/wp-json\/wp\/v2\/pages"}],"about":[{"href":"https:\/\/www.cyromromania.ro\/en\/wp-json\/wp\/v2\/types\/page"}],"author":[{"embeddable":true,"href":"https:\/\/www.cyromromania.ro\/en\/wp-json\/wp\/v2\/users\/3"}],"replies":[{"embeddable":true,"href":"https:\/\/www.cyromromania.ro\/en\/wp-json\/wp\/v2\/comments?post=1267"}],"version-history":[{"count":10,"href":"https:\/\/www.cyromromania.ro\/en\/wp-json\/wp\/v2\/pages\/1267\/revisions"}],"predecessor-version":[{"id":3628,"href":"https:\/\/www.cyromromania.ro\/en\/wp-json\/wp\/v2\/pages\/1267\/revisions\/3628"}],"up":[{"embeddable":true,"href":"https:\/\/www.cyromromania.ro\/en\/wp-json\/wp\/v2\/pages\/1276"}],"wp:attachment":[{"href":"https:\/\/www.cyromromania.ro\/en\/wp-json\/wp\/v2\/media?parent=1267"}],"curies":[{"name":"wp","href":"https:\/\/api.w.org\/{rel}","templated":true}]}}