{"id":1273,"date":"2020-08-20T14:08:17","date_gmt":"2020-08-20T11:08:17","guid":{"rendered":"https:\/\/www.cyromromania.ro\/?page_id=1273"},"modified":"2020-11-16T01:34:59","modified_gmt":"2020-11-15T23:34:59","slug":"politica-de-cookies","status":"publish","type":"page","link":"https:\/\/www.cyromromania.ro\/en\/utile\/politica-de-cookies\/","title":{"rendered":"Cookies Policy"},"content":{"rendered":"<div data-elementor-type=\"wp-page\" data-elementor-id=\"1273\" class=\"elementor elementor-1273\" data-elementor-post-type=\"page\">\n\t\t\t\t\t\t<section class=\"elementor-section elementor-top-section elementor-element elementor-element-5a9f0a6 elementor-section-boxed elementor-section-height-default elementor-section-height-default\" data-id=\"5a9f0a6\" data-element_type=\"section\" data-e-type=\"section\">\n\t\t\t\t\t\t<div class=\"elementor-container elementor-column-gap-default\">\n\t\t\t\t\t<div class=\"elementor-column elementor-col-100 elementor-top-column elementor-element elementor-element-9944999\" data-id=\"9944999\" data-element_type=\"column\" data-e-type=\"column\">\n\t\t\t<div class=\"elementor-widget-wrap elementor-element-populated\">\n\t\t\t\t\t\t<div class=\"elementor-element elementor-element-ec74e04 elementor-widget-divider--view-line elementor-widget elementor-widget-divider\" data-id=\"ec74e04\" data-element_type=\"widget\" data-e-type=\"widget\" data-widget_type=\"divider.default\">\n\t\t\t\t<div class=\"elementor-widget-container\">\n\t\t\t\t\t\t\t<div class=\"elementor-divider\">\n\t\t\t<span class=\"elementor-divider-separator\">\n\t\t\t\t\t\t<\/span>\n\t\t<\/div>\n\t\t\t\t\t\t<\/div>\n\t\t\t\t<\/div>\n\t\t\t\t\t<\/div>\n\t\t<\/div>\n\t\t\t\t\t<\/div>\n\t\t<\/section>\n\t\t\t\t<section class=\"elementor-section elementor-top-section elementor-element elementor-element-34b0ee87 elementor-section-boxed elementor-section-height-default elementor-section-height-default\" data-id=\"34b0ee87\" data-element_type=\"section\" data-e-type=\"section\">\n\t\t\t\t\t\t<div class=\"elementor-container elementor-column-gap-default\">\n\t\t\t\t\t<div class=\"elementor-column elementor-col-100 elementor-top-column elementor-element elementor-element-31e09f84\" data-id=\"31e09f84\" data-element_type=\"column\" data-e-type=\"column\">\n\t\t\t<div class=\"elementor-widget-wrap elementor-element-populated\">\n\t\t\t\t\t\t<div class=\"elementor-element elementor-element-bd916ae elementor-widget elementor-widget-text-editor\" data-id=\"bd916ae\" data-element_type=\"widget\" data-e-type=\"widget\" data-widget_type=\"text-editor.default\">\n\t\t\t\t<div class=\"elementor-widget-container\">\n\t\t\t\t\t\t\t\t\t<p>The website www.cyromromania.ro uses cookies in order to offer its visitors a better browsing experience and services tailored to the interests of each user. We hereby present the information necessary to inform you of the details related to the placement, use and administration of cookies used by this site.\u00a0<\/p><p>This policy is applicable to the website: <a href=\"https:\/\/www.cyromromania.ro\/en\/\">https:\/\/www.cyromromania.ro<\/a><\/p><p>By using this site you agree to the use of cookies in accordance with the guidelines provided by this policy.<\/p><p>If you do not agree with our use of cookies, you must set your browser settings accordingly.<\/p><p>Disabling the cookies we use might affect your experience as a user on this website.<\/p>\t\t\t\t\t\t\t\t<\/div>\n\t\t\t\t<\/div>\n\t\t\t\t<div class=\"elementor-element elementor-element-73cc5f7 elementor-widget elementor-widget-heading\" data-id=\"73cc5f7\" data-element_type=\"widget\" data-e-type=\"widget\" data-widget_type=\"heading.default\">\n\t\t\t\t<div class=\"elementor-widget-container\">\n\t\t\t\t\t<h2 class=\"elementor-heading-title elementor-size-default\">What are cookies?<\/h2>\t\t\t\t<\/div>\n\t\t\t\t<\/div>\n\t\t\t\t<div class=\"elementor-element elementor-element-84c5839 elementor-widget elementor-widget-text-editor\" data-id=\"84c5839\" data-element_type=\"widget\" data-e-type=\"widget\" data-widget_type=\"text-editor.default\">\n\t\t\t\t<div class=\"elementor-widget-container\">\n\t\t\t\t\t\t\t\t\t<p>Cookies are files of small sizes, consisting of letters and numbers that will be stored on the computer, mobile terminal or any other equipment of a user that accesses the Internet.<\/p><p>Cookies are installed by request issued by a web server or a browser (e.g. Mozilla Firefox, Chrome).<\/p><p>Cookies are completely \"passive\" (they do not contain software, viruses or spyware and cannot access the information on the user's hard driver).<\/p><p>A cookie consists of 2 parts: name and content (or value of the cookie). The duration of the existence of a cookie is determined. Technically, only the web server that sent the cookie can access it again when a user returns to the website associated with that web server.<\/p><p>Cookies themselves do not require personal information in order to be used and, in most cases, do not personally identify internet users.<\/p><p>There are 2 major categories of cookies:\u00a0<\/p><ol><li><strong>session cookies<\/strong>: they are temporarily stored in the cookies folder of the web browser so that they can be used until the user leaves the respective web site or closes the browser window.<\/li><li><strong>persistent cookies<\/strong>: they are stored on the hard drive of a computer or device and are activated again when the user visits the site that created that specific cookie. Persistent cookies also include those placed by a website other than the one the user is currently visiting. These are known as \"third party cookies\" or cookies placed by third parties. They store a user's interests in order to deliver information that is as relevant to them as possible.<\/li><\/ol>\t\t\t\t\t\t\t\t<\/div>\n\t\t\t\t<\/div>\n\t\t\t\t<div class=\"elementor-element elementor-element-cd7e76d elementor-widget elementor-widget-heading\" data-id=\"cd7e76d\" data-element_type=\"widget\" data-e-type=\"widget\" data-widget_type=\"heading.default\">\n\t\t\t\t<div class=\"elementor-widget-container\">\n\t\t\t\t\t<h2 class=\"elementor-heading-title elementor-size-default\">What is the lifespan of a cookie?<\/h2>\t\t\t\t<\/div>\n\t\t\t\t<\/div>\n\t\t\t\t<div class=\"elementor-element elementor-element-abfc08e elementor-widget elementor-widget-text-editor\" data-id=\"abfc08e\" data-element_type=\"widget\" data-e-type=\"widget\" data-widget_type=\"text-editor.default\">\n\t\t\t\t<div class=\"elementor-widget-container\">\n\t\t\t\t\t\t\t\t\t<p>The lifespan of a cookie can vary significantly, depending on the purpose for which it is placed. Some cookies are for single use only (as is the case with session cookies), therefore they are not further kept once the user leaves the site. Other cookies are stored and reused each time the user returns to the site (persistent cookies). However, cookies can be deleted by the user at any time by using the browser settings.<\/p>\t\t\t\t\t\t\t\t<\/div>\n\t\t\t\t<\/div>\n\t\t\t\t<div class=\"elementor-element elementor-element-32fb481 elementor-widget elementor-widget-heading\" data-id=\"32fb481\" data-element_type=\"widget\" data-e-type=\"widget\" data-widget_type=\"heading.default\">\n\t\t\t\t<div class=\"elementor-widget-container\">\n\t\t\t\t\t<h2 class=\"elementor-heading-title elementor-size-default\">What are third-party cookies?<\/h2>\t\t\t\t<\/div>\n\t\t\t\t<\/div>\n\t\t\t\t<div class=\"elementor-element elementor-element-f079a21 elementor-widget elementor-widget-text-editor\" data-id=\"f079a21\" data-element_type=\"widget\" data-e-type=\"widget\" data-widget_type=\"text-editor.default\">\n\t\t\t\t<div class=\"elementor-widget-container\">\n\t\t\t\t\t\t\t\t\t<p>Some sites may provide sections of content through third-party cookies as in the case of an advertisement. Such cookies may be placed on the site and are called cookies placed by third parties because they are not placed by the owner of the site. Such third parties are in turn obliged to comply with the applicable legal regulations and privacy policies of the owner of the site.<\/p>\t\t\t\t\t\t\t\t<\/div>\n\t\t\t\t<\/div>\n\t\t\t\t<div class=\"elementor-element elementor-element-9fa2e74 elementor-widget elementor-widget-heading\" data-id=\"9fa2e74\" data-element_type=\"widget\" data-e-type=\"widget\" data-widget_type=\"heading.default\">\n\t\t\t\t<div class=\"elementor-widget-container\">\n\t\t\t\t\t<h2 class=\"elementor-heading-title elementor-size-default\">Why are cookies important for the internet?<\/h2>\t\t\t\t<\/div>\n\t\t\t\t<\/div>\n\t\t\t\t<div class=\"elementor-element elementor-element-c6f1095 elementor-widget elementor-widget-text-editor\" data-id=\"c6f1095\" data-element_type=\"widget\" data-e-type=\"widget\" data-widget_type=\"text-editor.default\">\n\t\t\t\t<div class=\"elementor-widget-container\">\n\t\t\t\t\t\t\t\t\t<p>Cookies are the focal point of Internet efficient use, helping to generate a friendly browsing experience tailored to the preferences and interests of each user.<br \/>Declining or disabling cookies may make some sites impossible to use. Rejecting or disabling cookies does not mean that you will no longer receive online advertising - but only that it will no longer be able to take into account your preferences and interests, highlighted by your browsing behavior.<\/p>\t\t\t\t\t\t\t\t<\/div>\n\t\t\t\t<\/div>\n\t\t\t\t<div class=\"elementor-element elementor-element-d2736a7 elementor-widget elementor-widget-heading\" data-id=\"d2736a7\" data-element_type=\"widget\" data-e-type=\"widget\" data-widget_type=\"heading.default\">\n\t\t\t\t<div class=\"elementor-widget-container\">\n\t\t\t\t\t<h2 class=\"elementor-heading-title elementor-size-default\">What types of cookies do we use?<\/h2>\t\t\t\t<\/div>\n\t\t\t\t<\/div>\n\t\t\t\t<div class=\"elementor-element elementor-element-717dadf elementor-widget elementor-widget-text-editor\" data-id=\"717dadf\" data-element_type=\"widget\" data-e-type=\"widget\" data-widget_type=\"text-editor.default\">\n\t\t\t\t<div class=\"elementor-widget-container\">\n\t\t\t\t\t\t\t\t\t<p>By browsing on this website, the following types of cookies can be generated:<\/p><ul><li><strong><em>site performance:<\/em><\/strong> they retain the user's preferences on this site;<\/li><li><strong><em>visitor analysis:<\/em> <\/strong>they tell us if you have visited this site before; the browser will tell us if you have this cookie, and if not, we will generate one;<\/li><li><em><strong>registration:<\/strong><\/em> they let us know if you are registered or not, they show us the account you are registered with and if you have permission for a certain service;<\/li><\/ul>\t\t\t\t\t\t\t\t<\/div>\n\t\t\t\t<\/div>\n\t\t\t\t<div class=\"elementor-element elementor-element-d1e2b6a elementor-widget elementor-widget-heading\" data-id=\"d1e2b6a\" data-element_type=\"widget\" data-e-type=\"widget\" data-widget_type=\"heading.default\">\n\t\t\t\t<div class=\"elementor-widget-container\">\n\t\t\t\t\t<h2 class=\"elementor-heading-title elementor-size-default\">Deleting or modifying cookies<\/h2>\t\t\t\t<\/div>\n\t\t\t\t<\/div>\n\t\t\t\t<div class=\"elementor-element elementor-element-933f54a elementor-widget elementor-widget-text-editor\" data-id=\"933f54a\" data-element_type=\"widget\" data-e-type=\"widget\" data-widget_type=\"text-editor.default\">\n\t\t\t\t<div class=\"elementor-widget-container\">\n\t\t\t\t\t\t\t\t\t<p>The apps used to access web pages allow for the saving of cookies on the terminal by default. These settings can be changed so that the automatic administration of Cookies is blocked by the web browser or the user is informed every time Cookies are sent to his terminal. Detailed information on the possibilities and ways of managing cookies can be found in the settings area of \u200b\u200bthe application (web browser). Restricting the use of cookies may affect certain functionalities of the website.<\/p><p>Most browsers offer the ability to revise your cookie preferences. These settings are usually found in the \"options\" or \"preferences\" menu of your browser.<\/p><p>To understand these settings better, the following links may be useful, otherwise you can use the browser's \"help\" option for more details.<\/p><p><strong><em><a href=\"https:\/\/support.microsoft.com\/en-gb\/help\/17442\/windows-internet-explorer-delete-manage-cookies\">Cookie settings in Internet Explorer<\/a><\/em><\/strong><\/p><p><strong><em><a href=\"https:\/\/support.mozilla.org\/en-US\/kb\/cookies-information-websites-store-on-your-computer?redirectlocale=en-US&amp;redirectslug=Cookies\">Cookie settings in Firefox<\/a><\/em><\/strong><\/p><p><strong><em><a href=\"https:\/\/support.google.com\/chrome\/answer\/95647?hl=en\">Cookie settings in Chrome<\/a><\/em><\/strong><\/p><p><strong><em><a href=\"http:\/\/support.apple.com\/kb\/PH5042\">Cookie settings in Safari<\/a><\/em><\/strong><\/p><p>For third-party cookie settings, you can also visit the website:\u00a0<\/p><p><a href=\"http:\/\/www.youronlinechoices.com\/ro\/\">http:\/\/www.youronlinechoices.com\/ro\/<\/a><\/p>\t\t\t\t\t\t\t\t<\/div>\n\t\t\t\t<\/div>\n\t\t\t\t\t<\/div>\n\t\t<\/div>\n\t\t\t\t\t<\/div>\n\t\t<\/section>\n\t\t\t\t<\/div>","protected":false},"excerpt":{"rendered":"<p>Site-ul www.cyromromania.ro utilizeaz\u0103 cookie-uri pentru a oferi vizitatorilor s\u0103i o experien\u021b\u0103 mai bun\u0103 de navigare \u0219i servicii adaptate intereselor fiec\u0103rui vizitator. V\u0103 prezent\u0103m mai jos informa\u021biile necesare pentru a v\u0103 aduce la cuno\u0219tin\u021b\u0103 detaliile legate de plasarea, utilizarea \u0219i administrarea cookie-urilor utilizate de acest site.\u00a0 Aceast\u0103 Politic\u0103 se aplic\u0103 site-ului: https:\/\/www.cyromromania.ro Utiliz\u00e2nd acest site sunte\u021bi [&hellip;]<\/p>\n","protected":false},"author":3,"featured_media":0,"parent":1276,"menu_order":0,"comment_status":"closed","ping_status":"closed","template":"","meta":{"site-sidebar-layout":"default","site-content-layout":"default","ast-site-content-layout":"default","site-content-style":"default","site-sidebar-style":"default","ast-global-header-display":"","ast-banner-title-visibility":"","ast-main-header-display":"","ast-hfb-above-header-display":"","ast-hfb-below-header-display":"","ast-hfb-mobile-header-display":"","site-post-title":"","ast-breadcrumbs-content":"","ast-featured-img":"","footer-sml-layout":"","theme-transparent-header-meta":"default","adv-header-id-meta":"","stick-header-meta":"","header-above-stick-meta":"","header-main-stick-meta":"","header-below-stick-meta":"","astra-migrate-meta-layouts":"default","ast-page-background-enabled":"default","ast-page-background-meta":{"desktop":{"background-color":"","background-image":"","background-repeat":"repeat","background-position":"center center","background-size":"auto","background-attachment":"scroll","background-type":"","background-media":"","overlay-type":"","overlay-color":"","overlay-opacity":"","overlay-gradient":""},"tablet":{"background-color":"","background-image":"","background-repeat":"repeat","background-position":"center center","background-size":"auto","background-attachment":"scroll","background-type":"","background-media":"","overlay-type":"","overlay-color":"","overlay-opacity":"","overlay-gradient":""},"mobile":{"background-color":"","background-image":"","background-repeat":"repeat","background-position":"center center","background-size":"auto","background-attachment":"scroll","background-type":"","background-media":"","overlay-type":"","overlay-color":"","overlay-opacity":"","overlay-gradient":""}},"ast-content-background-meta":{"desktop":{"background-color":"var(--ast-global-color-5)","background-image":"","background-repeat":"repeat","background-position":"center center","background-size":"auto","background-attachment":"scroll","background-type":"","background-media":"","overlay-type":"","overlay-color":"","overlay-opacity":"","overlay-gradient":""},"tablet":{"background-color":"var(--ast-global-color-5)","background-image":"","background-repeat":"repeat","background-position":"center center","background-size":"auto","background-attachment":"scroll","background-type":"","background-media":"","overlay-type":"","overlay-color":"","overlay-opacity":"","overlay-gradient":""},"mobile":{"background-color":"var(--ast-global-color-5)","background-image":"","background-repeat":"repeat","background-position":"center center","background-size":"auto","background-attachment":"scroll","background-type":"","background-media":"","overlay-type":"","overlay-color":"","overlay-opacity":"","overlay-gradient":""}},"footnotes":""},"class_list":["post-1273","page","type-page","status-publish","hentry"],"yoast_head":"<!-- This site is optimized with the Yoast SEO plugin v27.4 - https:\/\/yoast.com\/product\/yoast-seo-wordpress\/ -->\n<title>Politica de Cookies &#8211; Cyrom Romania<\/title>\n<meta name=\"description\" content=\"Acest site utilizeaz\u0103 cookie-uri pentru a oferi vizitatorilor o experien\u021b\u0103 de navigare \u0219i adaptat\u0103 intereselor fiec\u0103rui vizitator.\" \/>\n<meta name=\"robots\" content=\"index, follow, max-snippet:-1, max-image-preview:large, max-video-preview:-1\" \/>\n<link rel=\"canonical\" href=\"https:\/\/www.cyromromania.ro\/en\/utile\/politica-de-cookies\/\" \/>\n<meta property=\"og:locale\" content=\"en_GB\" \/>\n<meta property=\"og:type\" content=\"article\" \/>\n<meta property=\"og:title\" content=\"Politica de Cookies &#8211; Cyrom Romania\" \/>\n<meta property=\"og:description\" content=\"Acest site utilizeaz\u0103 cookie-uri pentru a oferi vizitatorilor o experien\u021b\u0103 de navigare \u0219i adaptat\u0103 intereselor fiec\u0103rui vizitator.\" \/>\n<meta property=\"og:url\" content=\"https:\/\/www.cyromromania.ro\/en\/utile\/politica-de-cookies\/\" \/>\n<meta property=\"og:site_name\" content=\"Cyrom Romania\" \/>\n<meta property=\"article:publisher\" content=\"https:\/\/www.facebook.com\/pfanner.romania\/\" \/>\n<meta property=\"article:modified_time\" content=\"2020-11-15T23:34:59+00:00\" \/>\n<meta name=\"twitter:card\" content=\"summary_large_image\" \/>\n<meta name=\"twitter:label1\" content=\"Estimated reading time\" \/>\n\t<meta name=\"twitter:data1\" content=\"5 minutes\" \/>\n<script type=\"application\/ld+json\" class=\"yoast-schema-graph\">{\"@context\":\"https:\\\/\\\/schema.org\",\"@graph\":[{\"@type\":\"WebPage\",\"@id\":\"https:\\\/\\\/www.cyromromania.ro\\\/en\\\/utile\\\/politica-de-cookies\\\/\",\"url\":\"https:\\\/\\\/www.cyromromania.ro\\\/en\\\/utile\\\/politica-de-cookies\\\/\",\"name\":\"Politica de Cookies &#8211; Cyrom Romania\",\"isPartOf\":{\"@id\":\"https:\\\/\\\/www.cyromromania.ro\\\/ro_ro\\\/#website\"},\"datePublished\":\"2020-08-20T11:08:17+00:00\",\"dateModified\":\"2020-11-15T23:34:59+00:00\",\"description\":\"Acest site utilizeaz\u0103 cookie-uri pentru a oferi vizitatorilor o experien\u021b\u0103 de navigare \u0219i adaptat\u0103 intereselor fiec\u0103rui vizitator.\",\"breadcrumb\":{\"@id\":\"https:\\\/\\\/www.cyromromania.ro\\\/en\\\/utile\\\/politica-de-cookies\\\/#breadcrumb\"},\"inLanguage\":\"en-GB\",\"potentialAction\":[{\"@type\":\"ReadAction\",\"target\":[\"https:\\\/\\\/www.cyromromania.ro\\\/en\\\/utile\\\/politica-de-cookies\\\/\"]}]},{\"@type\":\"BreadcrumbList\",\"@id\":\"https:\\\/\\\/www.cyromromania.ro\\\/en\\\/utile\\\/politica-de-cookies\\\/#breadcrumb\",\"itemListElement\":[{\"@type\":\"ListItem\",\"position\":1,\"name\":\"Home\",\"item\":\"https:\\\/\\\/www.cyromromania.ro\\\/\"},{\"@type\":\"ListItem\",\"position\":2,\"name\":\"Utile\",\"item\":\"https:\\\/\\\/www.cyromromania.ro\\\/en\\\/utile\\\/\"},{\"@type\":\"ListItem\",\"position\":3,\"name\":\"Politica de Cookies\"}]},{\"@type\":\"WebSite\",\"@id\":\"https:\\\/\\\/www.cyromromania.ro\\\/ro_ro\\\/#website\",\"url\":\"https:\\\/\\\/www.cyromromania.ro\\\/ro_ro\\\/\",\"name\":\"Cyrom Romania\",\"description\":\"\u00cempreun\u0103 din 2002\",\"publisher\":{\"@id\":\"https:\\\/\\\/www.cyromromania.ro\\\/ro_ro\\\/#organization\"},\"potentialAction\":[{\"@type\":\"SearchAction\",\"target\":{\"@type\":\"EntryPoint\",\"urlTemplate\":\"https:\\\/\\\/www.cyromromania.ro\\\/ro_ro\\\/?s={search_term_string}\"},\"query-input\":{\"@type\":\"PropertyValueSpecification\",\"valueRequired\":true,\"valueName\":\"search_term_string\"}}],\"inLanguage\":\"en-GB\"},{\"@type\":\"Organization\",\"@id\":\"https:\\\/\\\/www.cyromromania.ro\\\/ro_ro\\\/#organization\",\"name\":\"CYROM ROMANIA S.R.L.\",\"url\":\"https:\\\/\\\/www.cyromromania.ro\\\/ro_ro\\\/\",\"logo\":{\"@type\":\"ImageObject\",\"inLanguage\":\"en-GB\",\"@id\":\"https:\\\/\\\/www.cyromromania.ro\\\/ro_ro\\\/#\\\/schema\\\/logo\\\/image\\\/\",\"url\":\"https:\\\/\\\/www.cyromromania.ro\\\/wp-content\\\/uploads\\\/2020\\\/11\\\/cropped-Logo-Cyrom-1-2.png\",\"contentUrl\":\"https:\\\/\\\/www.cyromromania.ro\\\/wp-content\\\/uploads\\\/2020\\\/11\\\/cropped-Logo-Cyrom-1-2.png\",\"width\":910,\"height\":268,\"caption\":\"CYROM ROMANIA S.R.L.\"},\"image\":{\"@id\":\"https:\\\/\\\/www.cyromromania.ro\\\/ro_ro\\\/#\\\/schema\\\/logo\\\/image\\\/\"},\"sameAs\":[\"https:\\\/\\\/www.facebook.com\\\/pfanner.romania\\\/\"]}]}<\/script>\n<!-- \/ Yoast SEO plugin. -->","yoast_head_json":{"title":"Politica de Cookies &#8211; Cyrom Romania","description":"Acest site utilizeaz\u0103 cookie-uri pentru a oferi vizitatorilor o experien\u021b\u0103 de navigare \u0219i adaptat\u0103 intereselor fiec\u0103rui vizitator.","robots":{"index":"index","follow":"follow","max-snippet":"max-snippet:-1","max-image-preview":"max-image-preview:large","max-video-preview":"max-video-preview:-1"},"canonical":"https:\/\/www.cyromromania.ro\/en\/utile\/politica-de-cookies\/","og_locale":"en_GB","og_type":"article","og_title":"Politica de Cookies &#8211; Cyrom Romania","og_description":"Acest site utilizeaz\u0103 cookie-uri pentru a oferi vizitatorilor o experien\u021b\u0103 de navigare \u0219i adaptat\u0103 intereselor fiec\u0103rui vizitator.","og_url":"https:\/\/www.cyromromania.ro\/en\/utile\/politica-de-cookies\/","og_site_name":"Cyrom Romania","article_publisher":"https:\/\/www.facebook.com\/pfanner.romania\/","article_modified_time":"2020-11-15T23:34:59+00:00","twitter_card":"summary_large_image","twitter_misc":{"Estimated reading time":"5 minutes"},"schema":{"@context":"https:\/\/schema.org","@graph":[{"@type":"WebPage","@id":"https:\/\/www.cyromromania.ro\/en\/utile\/politica-de-cookies\/","url":"https:\/\/www.cyromromania.ro\/en\/utile\/politica-de-cookies\/","name":"Politica de Cookies &#8211; Cyrom Romania","isPartOf":{"@id":"https:\/\/www.cyromromania.ro\/ro_ro\/#website"},"datePublished":"2020-08-20T11:08:17+00:00","dateModified":"2020-11-15T23:34:59+00:00","description":"Acest site utilizeaz\u0103 cookie-uri pentru a oferi vizitatorilor o experien\u021b\u0103 de navigare \u0219i adaptat\u0103 intereselor fiec\u0103rui vizitator.","breadcrumb":{"@id":"https:\/\/www.cyromromania.ro\/en\/utile\/politica-de-cookies\/#breadcrumb"},"inLanguage":"en-GB","potentialAction":[{"@type":"ReadAction","target":["https:\/\/www.cyromromania.ro\/en\/utile\/politica-de-cookies\/"]}]},{"@type":"BreadcrumbList","@id":"https:\/\/www.cyromromania.ro\/en\/utile\/politica-de-cookies\/#breadcrumb","itemListElement":[{"@type":"ListItem","position":1,"name":"Home","item":"https:\/\/www.cyromromania.ro\/"},{"@type":"ListItem","position":2,"name":"Utile","item":"https:\/\/www.cyromromania.ro\/en\/utile\/"},{"@type":"ListItem","position":3,"name":"Politica de Cookies"}]},{"@type":"WebSite","@id":"https:\/\/www.cyromromania.ro\/ro_ro\/#website","url":"https:\/\/www.cyromromania.ro\/ro_ro\/","name":"Cyrom Romania","description":"\u00cempreun\u0103 din 2002","publisher":{"@id":"https:\/\/www.cyromromania.ro\/ro_ro\/#organization"},"potentialAction":[{"@type":"SearchAction","target":{"@type":"EntryPoint","urlTemplate":"https:\/\/www.cyromromania.ro\/ro_ro\/?s={search_term_string}"},"query-input":{"@type":"PropertyValueSpecification","valueRequired":true,"valueName":"search_term_string"}}],"inLanguage":"en-GB"},{"@type":"Organization","@id":"https:\/\/www.cyromromania.ro\/ro_ro\/#organization","name":"CYROM ROMANIA S.R.L.","url":"https:\/\/www.cyromromania.ro\/ro_ro\/","logo":{"@type":"ImageObject","inLanguage":"en-GB","@id":"https:\/\/www.cyromromania.ro\/ro_ro\/#\/schema\/logo\/image\/","url":"https:\/\/www.cyromromania.ro\/wp-content\/uploads\/2020\/11\/cropped-Logo-Cyrom-1-2.png","contentUrl":"https:\/\/www.cyromromania.ro\/wp-content\/uploads\/2020\/11\/cropped-Logo-Cyrom-1-2.png","width":910,"height":268,"caption":"CYROM ROMANIA S.R.L."},"image":{"@id":"https:\/\/www.cyromromania.ro\/ro_ro\/#\/schema\/logo\/image\/"},"sameAs":["https:\/\/www.facebook.com\/pfanner.romania\/"]}]}},"_links":{"self":[{"href":"https:\/\/www.cyromromania.ro\/en\/wp-json\/wp\/v2\/pages\/1273","targetHints":{"allow":["GET"]}}],"collection":[{"href":"https:\/\/www.cyromromania.ro\/en\/wp-json\/wp\/v2\/pages"}],"about":[{"href":"https:\/\/www.cyromromania.ro\/en\/wp-json\/wp\/v2\/types\/page"}],"author":[{"embeddable":true,"href":"https:\/\/www.cyromromania.ro\/en\/wp-json\/wp\/v2\/users\/3"}],"replies":[{"embeddable":true,"href":"https:\/\/www.cyromromania.ro\/en\/wp-json\/wp\/v2\/comments?post=1273"}],"version-history":[{"count":4,"href":"https:\/\/www.cyromromania.ro\/en\/wp-json\/wp\/v2\/pages\/1273\/revisions"}],"predecessor-version":[{"id":3627,"href":"https:\/\/www.cyromromania.ro\/en\/wp-json\/wp\/v2\/pages\/1273\/revisions\/3627"}],"up":[{"embeddable":true,"href":"https:\/\/www.cyromromania.ro\/en\/wp-json\/wp\/v2\/pages\/1276"}],"wp:attachment":[{"href":"https:\/\/www.cyromromania.ro\/en\/wp-json\/wp\/v2\/media?parent=1273"}],"curies":[{"name":"wp","href":"https:\/\/api.w.org\/{rel}","templated":true}]}}