{"id":3765,"date":"2020-12-11T10:19:40","date_gmt":"2020-12-11T08:19:40","guid":{"rendered":"https:\/\/www.cyromromania.ro\/?page_id=3765"},"modified":"2020-12-14T16:07:52","modified_gmt":"2020-12-14T14:07:52","slug":"campanie-monini","status":"publish","type":"page","link":"https:\/\/www.cyromromania.ro\/en\/campanie-monini\/","title":{"rendered":"Campanie Monini"},"content":{"rendered":"\t\t<div data-elementor-type=\"wp-page\" data-elementor-id=\"3765\" class=\"elementor elementor-3765\" data-elementor-post-type=\"page\">\n\t\t\t\t\t\t<section class=\"elementor-section elementor-top-section elementor-element elementor-element-e9fff79 elementor-section-boxed elementor-section-height-default elementor-section-height-default\" data-id=\"e9fff79\" data-element_type=\"section\" data-e-type=\"section\">\n\t\t\t\t\t\t<div class=\"elementor-container elementor-column-gap-default\">\n\t\t\t\t\t<div class=\"elementor-column elementor-col-100 elementor-top-column elementor-element elementor-element-fdc1d51\" data-id=\"fdc1d51\" data-element_type=\"column\" data-e-type=\"column\">\n\t\t\t<div class=\"elementor-widget-wrap elementor-element-populated\">\n\t\t\t\t\t\t<div class=\"elementor-element elementor-element-49d4bda elementor-widget elementor-widget-heading\" data-id=\"49d4bda\" data-element_type=\"widget\" data-e-type=\"widget\" data-widget_type=\"heading.default\">\n\t\t\t\t<div class=\"elementor-widget-container\">\n\t\t\t\t\t<h1 class=\"elementor-heading-title elementor-size-default\">Campanie TV Monini<\/h1>\t\t\t\t<\/div>\n\t\t\t\t<\/div>\n\t\t\t\t<div class=\"elementor-element elementor-element-c33014c elementor-widget elementor-widget-heading\" data-id=\"c33014c\" data-element_type=\"widget\" data-e-type=\"widget\" data-widget_type=\"heading.default\">\n\t\t\t\t<div class=\"elementor-widget-container\">\n\t\t\t\t\t<h2 class=\"elementor-heading-title elementor-size-default\">monini, din dragoste pentru uleiul de m\u0103sline, de 100 de ani!<\/h2>\t\t\t\t<\/div>\n\t\t\t\t<\/div>\n\t\t\t\t<div class=\"elementor-element elementor-element-c348d51 elementor-widget elementor-widget-text-editor\" data-id=\"c348d51\" data-element_type=\"widget\" data-e-type=\"widget\" data-widget_type=\"text-editor.default\">\n\t\t\t\t<div class=\"elementor-widget-container\">\n\t\t\t\t\t\t\t\t\t<p><span style=\"font-size: 16px; font-weight: 400;\">Anul acesta, c\u0103l\u0103toria Monini \u00eempline\u0219te 100 de ani. De trei genera\u021bii, viziunea Monini r\u0103m\u00e2ne neschimbat\u0103<\/span>: fiecare produs trebuie s\u0103 fie de calitate, f\u0103r\u0103 excep\u0163ie. \u00cen arom\u0103 se afl\u0103 secretul calit\u0103\u0163ii uleiului de m\u0103sline extravirgin, iar de 100 de ani Monini men\u021bine constant\u0103 aceea\u0219i arom\u0103 pl\u0103cut\u0103 \u015fi proasp\u0103t\u0103 \u00een timp. <span style=\"font-size: 16px;\">Cyrom Rom\u00e2nia marcheaz\u0103 acest eveniment prin difuzarea televizat\u0103 a dou\u0103 spoturi publicitare \u00een perioadele 11-24 decembrie 2020 \u0219i 04-25 ianuarie 2020.&nbsp;<\/span><\/p>\t\t\t\t\t\t\t\t<\/div>\n\t\t\t\t<\/div>\n\t\t\t\t\t<\/div>\n\t\t<\/div>\n\t\t\t\t\t<\/div>\n\t\t<\/section>\n\t\t\t\t<section class=\"elementor-section elementor-top-section elementor-element elementor-element-c52a7fb elementor-section-boxed elementor-section-height-default elementor-section-height-default\" data-id=\"c52a7fb\" data-element_type=\"section\" data-e-type=\"section\" data-settings=\"{&quot;background_background&quot;:&quot;classic&quot;,&quot;shape_divider_top&quot;:&quot;mountains&quot;,&quot;shape_divider_bottom&quot;:&quot;mountains&quot;}\">\n\t\t\t\t\t<div class=\"elementor-shape elementor-shape-top\" aria-hidden=\"true\" data-negative=\"false\">\n\t\t\t<svg xmlns=\"http:\/\/www.w3.org\/2000\/svg\" viewBox=\"0 0 1000 100\" preserveAspectRatio=\"none\">\n\t<path class=\"elementor-shape-fill\" opacity=\"0.33\" d=\"M473,67.3c-203.9,88.3-263.1-34-320.3,0C66,119.1,0,59.7,0,59.7V0h1000v59.7 c0,0-62.1,26.1-94.9,29.3c-32.8,3.3-62.8-12.3-75.8-22.1C806,49.6,745.3,8.7,694.9,4.7S492.4,59,473,67.3z\"\/>\n\t<path class=\"elementor-shape-fill\" opacity=\"0.66\" d=\"M734,67.3c-45.5,0-77.2-23.2-129.1-39.1c-28.6-8.7-150.3-10.1-254,39.1 s-91.7-34.4-149.2,0C115.7,118.3,0,39.8,0,39.8V0h1000v36.5c0,0-28.2-18.5-92.1-18.5C810.2,18.1,775.7,67.3,734,67.3z\"\/>\n\t<path class=\"elementor-shape-fill\" d=\"M766.1,28.9c-200-57.5-266,65.5-395.1,19.5C242,1.8,242,5.4,184.8,20.6C128,35.8,132.3,44.9,89.9,52.5C28.6,63.7,0,0,0,0 h1000c0,0-9.9,40.9-83.6,48.1S829.6,47,766.1,28.9z\"\/>\n<\/svg>\t\t<\/div>\n\t\t\t\t<div class=\"elementor-shape elementor-shape-bottom\" aria-hidden=\"true\" data-negative=\"false\">\n\t\t\t<svg xmlns=\"http:\/\/www.w3.org\/2000\/svg\" viewBox=\"0 0 1000 100\" preserveAspectRatio=\"none\">\n\t<path class=\"elementor-shape-fill\" opacity=\"0.33\" d=\"M473,67.3c-203.9,88.3-263.1-34-320.3,0C66,119.1,0,59.7,0,59.7V0h1000v59.7 c0,0-62.1,26.1-94.9,29.3c-32.8,3.3-62.8-12.3-75.8-22.1C806,49.6,745.3,8.7,694.9,4.7S492.4,59,473,67.3z\"\/>\n\t<path class=\"elementor-shape-fill\" opacity=\"0.66\" d=\"M734,67.3c-45.5,0-77.2-23.2-129.1-39.1c-28.6-8.7-150.3-10.1-254,39.1 s-91.7-34.4-149.2,0C115.7,118.3,0,39.8,0,39.8V0h1000v36.5c0,0-28.2-18.5-92.1-18.5C810.2,18.1,775.7,67.3,734,67.3z\"\/>\n\t<path class=\"elementor-shape-fill\" d=\"M766.1,28.9c-200-57.5-266,65.5-395.1,19.5C242,1.8,242,5.4,184.8,20.6C128,35.8,132.3,44.9,89.9,52.5C28.6,63.7,0,0,0,0 h1000c0,0-9.9,40.9-83.6,48.1S829.6,47,766.1,28.9z\"\/>\n<\/svg>\t\t<\/div>\n\t\t\t\t\t<div class=\"elementor-container elementor-column-gap-default\">\n\t\t\t\t\t<div class=\"elementor-column elementor-col-100 elementor-top-column elementor-element elementor-element-873aae5\" data-id=\"873aae5\" data-element_type=\"column\" data-e-type=\"column\">\n\t\t\t<div class=\"elementor-widget-wrap elementor-element-populated\">\n\t\t\t\t\t\t<div class=\"elementor-element elementor-element-c17aaa7 elementor-widget elementor-widget-wp-widget-media_video\" data-id=\"c17aaa7\" data-element_type=\"widget\" data-e-type=\"widget\" data-widget_type=\"wp-widget-media_video.default\">\n\t\t\t\t<div class=\"elementor-widget-container\">\n\t\t\t\t\t<div style=\"width:100%;\" class=\"wp-video\"><!--[if lt IE 9]><script>document.createElement('video');<\/script><![endif]-->\n<video class=\"wp-video-shortcode\" id=\"video-3765-1\" preload=\"metadata\" controls=\"controls\"><source type=\"video\/mp4\" src=\"https:\/\/www.cyromromania.ro\/wp-content\/uploads\/2020\/12\/MONINI_Ulei_30s_27noi2020.mp4?_=1\" \/><source type=\"video\/mp4\" src=\"https:\/\/www.cyromromania.ro\/wp-content\/uploads\/2020\/12\/MONINI_Ulei_30s_27noi2020.mp4?_=1\" \/><a href=\"https:\/\/www.cyromromania.ro\/wp-content\/uploads\/2020\/12\/MONINI_Ulei_30s_27noi2020.mp4\">https:\/\/www.cyromromania.ro\/wp-content\/uploads\/2020\/12\/MONINI_Ulei_30s_27noi2020.mp4<\/a><\/video><\/div>\t\t\t\t<\/div>\n\t\t\t\t<\/div>\n\t\t\t\t\t<\/div>\n\t\t<\/div>\n\t\t\t\t\t<\/div>\n\t\t<\/section>\n\t\t\t\t<section class=\"elementor-section elementor-top-section elementor-element elementor-element-a63ea45 elementor-section-boxed elementor-section-height-default elementor-section-height-default\" data-id=\"a63ea45\" data-element_type=\"section\" data-e-type=\"section\">\n\t\t\t\t\t\t<div class=\"elementor-container elementor-column-gap-default\">\n\t\t\t\t\t<div class=\"elementor-column elementor-col-100 elementor-top-column elementor-element elementor-element-99933a4\" data-id=\"99933a4\" data-element_type=\"column\" data-e-type=\"column\">\n\t\t\t<div class=\"elementor-widget-wrap elementor-element-populated\">\n\t\t\t\t\t\t<div class=\"elementor-element elementor-element-fb7d051 elementor-widget elementor-widget-text-editor\" data-id=\"fb7d051\" data-element_type=\"widget\" data-e-type=\"widget\" data-widget_type=\"text-editor.default\">\n\t\t\t\t<div class=\"elementor-widget-container\">\n\t\t\t\t\t\t\t\t\t<p><strong><em style=\"font-size: 16px;\">&#8222;Noi,<\/em> <em style=\"font-size: 16px;\">la Monini, tr\u0103im s\u0103 \u00eemp\u0103rt\u0103\u0219im dragostea pentru uleiul de m\u0103sline extravirgin. Astfel, de genera\u021bii, d\u0103m numele nostru tuturor produselor. Iubim ceea ce facem, punem pasiune, suflet \u0219i m\u0103iestrie. Doar a\u0219a putem fi siguri c\u0103 oferim tot ce este mai bun celor dragi. Monini, din dragoste pentru uleiul de m\u0103sline, de 100 de ani!&#8221;<\/em><\/strong><\/p>\t\t\t\t\t\t\t\t<\/div>\n\t\t\t\t<\/div>\n\t\t\t\t<div class=\"elementor-element elementor-element-cd7ca26 elementor-button-info elementor-tablet-align-center elementor-widget elementor-widget-button\" data-id=\"cd7ca26\" data-element_type=\"widget\" data-e-type=\"widget\" data-widget_type=\"button.default\">\n\t\t\t\t<div class=\"elementor-widget-container\">\n\t\t\t\t\t\t\t\t\t<div class=\"elementor-button-wrapper\">\n\t\t\t\t\t<a class=\"elementor-button elementor-button-link elementor-size-sm elementor-animation-grow\" href=\"https:\/\/www.cyromromania.ro\/branduri\/monini\/\">\n\t\t\t\t\t\t<span class=\"elementor-button-content-wrapper\">\n\t\t\t\t\t\t\t\t\t<span class=\"elementor-button-text\">VEZI PRODUSELE MONINI<\/span>\n\t\t\t\t\t<\/span>\n\t\t\t\t\t<\/a>\n\t\t\t\t<\/div>\n\t\t\t\t\t\t\t\t<\/div>\n\t\t\t\t<\/div>\n\t\t\t\t\t<\/div>\n\t\t<\/div>\n\t\t\t\t\t<\/div>\n\t\t<\/section>\n\t\t\t\t<\/div>\n\t\t","protected":false},"excerpt":{"rendered":"<p>Campanie TV Monini monini, din dragoste pentru uleiul de m\u0103sline, de 100 de ani! Anul acesta, c\u0103l\u0103toria Monini \u00eempline\u0219te 100 de ani. De trei genera\u021bii, viziunea Monini r\u0103m\u00e2ne neschimbat\u0103: fiecare produs trebuie s\u0103 fie de calitate, f\u0103r\u0103 excep\u0163ie. \u00cen arom\u0103 se afl\u0103 secretul calit\u0103\u0163ii uleiului de m\u0103sline extravirgin, iar de 100 de ani Monini men\u021bine [&hellip;]<\/p>\n","protected":false},"author":3,"featured_media":0,"parent":0,"menu_order":0,"comment_status":"closed","ping_status":"closed","template":"","meta":{"site-sidebar-layout":"no-sidebar","site-content-layout":"page-builder","ast-site-content-layout":"default","site-content-style":"default","site-sidebar-style":"default","ast-global-header-display":"","ast-banner-title-visibility":"","ast-main-header-display":"","ast-hfb-above-header-display":"","ast-hfb-below-header-display":"","ast-hfb-mobile-header-display":"","site-post-title":"disabled","ast-breadcrumbs-content":"","ast-featured-img":"disabled","footer-sml-layout":"","theme-transparent-header-meta":"","adv-header-id-meta":"","stick-header-meta":"","header-above-stick-meta":"","header-main-stick-meta":"","header-below-stick-meta":"","astra-migrate-meta-layouts":"default","ast-page-background-enabled":"default","ast-page-background-meta":{"desktop":{"background-color":"","background-image":"","background-repeat":"repeat","background-position":"center center","background-size":"auto","background-attachment":"scroll","background-type":"","background-media":"","overlay-type":"","overlay-color":"","overlay-opacity":"","overlay-gradient":""},"tablet":{"background-color":"","background-image":"","background-repeat":"repeat","background-position":"center center","background-size":"auto","background-attachment":"scroll","background-type":"","background-media":"","overlay-type":"","overlay-color":"","overlay-opacity":"","overlay-gradient":""},"mobile":{"background-color":"","background-image":"","background-repeat":"repeat","background-position":"center center","background-size":"auto","background-attachment":"scroll","background-type":"","background-media":"","overlay-type":"","overlay-color":"","overlay-opacity":"","overlay-gradient":""}},"ast-content-background-meta":{"desktop":{"background-color":"var(--ast-global-color-5)","background-image":"","background-repeat":"repeat","background-position":"center center","background-size":"auto","background-attachment":"scroll","background-type":"","background-media":"","overlay-type":"","overlay-color":"","overlay-opacity":"","overlay-gradient":""},"tablet":{"background-color":"var(--ast-global-color-5)","background-image":"","background-repeat":"repeat","background-position":"center center","background-size":"auto","background-attachment":"scroll","background-type":"","background-media":"","overlay-type":"","overlay-color":"","overlay-opacity":"","overlay-gradient":""},"mobile":{"background-color":"var(--ast-global-color-5)","background-image":"","background-repeat":"repeat","background-position":"center center","background-size":"auto","background-attachment":"scroll","background-type":"","background-media":"","overlay-type":"","overlay-color":"","overlay-opacity":"","overlay-gradient":""}},"footnotes":""},"class_list":["post-3765","page","type-page","status-publish","hentry"],"yoast_head":"<!-- This site is optimized with the Yoast SEO plugin v27.4 - https:\/\/yoast.com\/product\/yoast-seo-wordpress\/ -->\n<title>Campanie Monini &#8211; Cyrom Romania<\/title>\n<meta name=\"robots\" content=\"index, follow, max-snippet:-1, max-image-preview:large, max-video-preview:-1\" \/>\n<link rel=\"canonical\" href=\"https:\/\/www.cyromromania.ro\/en\/campanie-monini\/\" \/>\n<meta property=\"og:locale\" content=\"en_GB\" \/>\n<meta property=\"og:type\" content=\"article\" \/>\n<meta property=\"og:title\" content=\"Campanie Monini &#8211; Cyrom Romania\" \/>\n<meta property=\"og:description\" content=\"Campanie TV Monini monini, din dragoste pentru uleiul de m\u0103sline, de 100 de ani! Anul acesta, c\u0103l\u0103toria Monini \u00eempline\u0219te 100 de ani. De trei genera\u021bii, viziunea Monini r\u0103m\u00e2ne neschimbat\u0103: fiecare produs trebuie s\u0103 fie de calitate, f\u0103r\u0103 excep\u0163ie. \u00cen arom\u0103 se afl\u0103 secretul calit\u0103\u0163ii uleiului de m\u0103sline extravirgin, iar de 100 de ani Monini men\u021bine [&hellip;]\" \/>\n<meta property=\"og:url\" content=\"https:\/\/www.cyromromania.ro\/en\/campanie-monini\/\" \/>\n<meta property=\"og:site_name\" content=\"Cyrom Romania\" \/>\n<meta property=\"article:publisher\" content=\"https:\/\/www.facebook.com\/pfanner.romania\/\" \/>\n<meta property=\"article:modified_time\" content=\"2020-12-14T14:07:52+00:00\" \/>\n<meta name=\"twitter:card\" content=\"summary_large_image\" \/>\n<meta name=\"twitter:label1\" content=\"Estimated reading time\" \/>\n\t<meta name=\"twitter:data1\" content=\"1 minute\" \/>\n<script type=\"application\/ld+json\" class=\"yoast-schema-graph\">{\"@context\":\"https:\\\/\\\/schema.org\",\"@graph\":[{\"@type\":\"WebPage\",\"@id\":\"https:\\\/\\\/www.cyromromania.ro\\\/en\\\/campanie-monini\\\/\",\"url\":\"https:\\\/\\\/www.cyromromania.ro\\\/en\\\/campanie-monini\\\/\",\"name\":\"Campanie Monini &#8211; Cyrom Romania\",\"isPartOf\":{\"@id\":\"https:\\\/\\\/www.cyromromania.ro\\\/ro_ro\\\/#website\"},\"datePublished\":\"2020-12-11T08:19:40+00:00\",\"dateModified\":\"2020-12-14T14:07:52+00:00\",\"breadcrumb\":{\"@id\":\"https:\\\/\\\/www.cyromromania.ro\\\/en\\\/campanie-monini\\\/#breadcrumb\"},\"inLanguage\":\"en-GB\",\"potentialAction\":[{\"@type\":\"ReadAction\",\"target\":[\"https:\\\/\\\/www.cyromromania.ro\\\/en\\\/campanie-monini\\\/\"]}]},{\"@type\":\"BreadcrumbList\",\"@id\":\"https:\\\/\\\/www.cyromromania.ro\\\/en\\\/campanie-monini\\\/#breadcrumb\",\"itemListElement\":[{\"@type\":\"ListItem\",\"position\":1,\"name\":\"Home\",\"item\":\"https:\\\/\\\/www.cyromromania.ro\\\/\"},{\"@type\":\"ListItem\",\"position\":2,\"name\":\"Campanie Monini\"}]},{\"@type\":\"WebSite\",\"@id\":\"https:\\\/\\\/www.cyromromania.ro\\\/ro_ro\\\/#website\",\"url\":\"https:\\\/\\\/www.cyromromania.ro\\\/ro_ro\\\/\",\"name\":\"Cyrom Romania\",\"description\":\"\u00cempreun\u0103 din 2002\",\"publisher\":{\"@id\":\"https:\\\/\\\/www.cyromromania.ro\\\/ro_ro\\\/#organization\"},\"potentialAction\":[{\"@type\":\"SearchAction\",\"target\":{\"@type\":\"EntryPoint\",\"urlTemplate\":\"https:\\\/\\\/www.cyromromania.ro\\\/ro_ro\\\/?s={search_term_string}\"},\"query-input\":{\"@type\":\"PropertyValueSpecification\",\"valueRequired\":true,\"valueName\":\"search_term_string\"}}],\"inLanguage\":\"en-GB\"},{\"@type\":\"Organization\",\"@id\":\"https:\\\/\\\/www.cyromromania.ro\\\/ro_ro\\\/#organization\",\"name\":\"CYROM ROMANIA S.R.L.\",\"url\":\"https:\\\/\\\/www.cyromromania.ro\\\/ro_ro\\\/\",\"logo\":{\"@type\":\"ImageObject\",\"inLanguage\":\"en-GB\",\"@id\":\"https:\\\/\\\/www.cyromromania.ro\\\/ro_ro\\\/#\\\/schema\\\/logo\\\/image\\\/\",\"url\":\"https:\\\/\\\/www.cyromromania.ro\\\/wp-content\\\/uploads\\\/2020\\\/11\\\/cropped-Logo-Cyrom-1-2.png\",\"contentUrl\":\"https:\\\/\\\/www.cyromromania.ro\\\/wp-content\\\/uploads\\\/2020\\\/11\\\/cropped-Logo-Cyrom-1-2.png\",\"width\":910,\"height\":268,\"caption\":\"CYROM ROMANIA S.R.L.\"},\"image\":{\"@id\":\"https:\\\/\\\/www.cyromromania.ro\\\/ro_ro\\\/#\\\/schema\\\/logo\\\/image\\\/\"},\"sameAs\":[\"https:\\\/\\\/www.facebook.com\\\/pfanner.romania\\\/\"]}]}<\/script>\n<!-- \/ Yoast SEO plugin. -->","yoast_head_json":{"title":"Campanie Monini &#8211; Cyrom Romania","robots":{"index":"index","follow":"follow","max-snippet":"max-snippet:-1","max-image-preview":"max-image-preview:large","max-video-preview":"max-video-preview:-1"},"canonical":"https:\/\/www.cyromromania.ro\/en\/campanie-monini\/","og_locale":"en_GB","og_type":"article","og_title":"Campanie Monini &#8211; Cyrom Romania","og_description":"Campanie TV Monini monini, din dragoste pentru uleiul de m\u0103sline, de 100 de ani! Anul acesta, c\u0103l\u0103toria Monini \u00eempline\u0219te 100 de ani. De trei genera\u021bii, viziunea Monini r\u0103m\u00e2ne neschimbat\u0103: fiecare produs trebuie s\u0103 fie de calitate, f\u0103r\u0103 excep\u0163ie. \u00cen arom\u0103 se afl\u0103 secretul calit\u0103\u0163ii uleiului de m\u0103sline extravirgin, iar de 100 de ani Monini men\u021bine [&hellip;]","og_url":"https:\/\/www.cyromromania.ro\/en\/campanie-monini\/","og_site_name":"Cyrom Romania","article_publisher":"https:\/\/www.facebook.com\/pfanner.romania\/","article_modified_time":"2020-12-14T14:07:52+00:00","twitter_card":"summary_large_image","twitter_misc":{"Estimated reading time":"1 minute"},"schema":{"@context":"https:\/\/schema.org","@graph":[{"@type":"WebPage","@id":"https:\/\/www.cyromromania.ro\/en\/campanie-monini\/","url":"https:\/\/www.cyromromania.ro\/en\/campanie-monini\/","name":"Campanie Monini &#8211; Cyrom Romania","isPartOf":{"@id":"https:\/\/www.cyromromania.ro\/ro_ro\/#website"},"datePublished":"2020-12-11T08:19:40+00:00","dateModified":"2020-12-14T14:07:52+00:00","breadcrumb":{"@id":"https:\/\/www.cyromromania.ro\/en\/campanie-monini\/#breadcrumb"},"inLanguage":"en-GB","potentialAction":[{"@type":"ReadAction","target":["https:\/\/www.cyromromania.ro\/en\/campanie-monini\/"]}]},{"@type":"BreadcrumbList","@id":"https:\/\/www.cyromromania.ro\/en\/campanie-monini\/#breadcrumb","itemListElement":[{"@type":"ListItem","position":1,"name":"Home","item":"https:\/\/www.cyromromania.ro\/"},{"@type":"ListItem","position":2,"name":"Campanie Monini"}]},{"@type":"WebSite","@id":"https:\/\/www.cyromromania.ro\/ro_ro\/#website","url":"https:\/\/www.cyromromania.ro\/ro_ro\/","name":"Cyrom Romania","description":"\u00cempreun\u0103 din 2002","publisher":{"@id":"https:\/\/www.cyromromania.ro\/ro_ro\/#organization"},"potentialAction":[{"@type":"SearchAction","target":{"@type":"EntryPoint","urlTemplate":"https:\/\/www.cyromromania.ro\/ro_ro\/?s={search_term_string}"},"query-input":{"@type":"PropertyValueSpecification","valueRequired":true,"valueName":"search_term_string"}}],"inLanguage":"en-GB"},{"@type":"Organization","@id":"https:\/\/www.cyromromania.ro\/ro_ro\/#organization","name":"CYROM ROMANIA S.R.L.","url":"https:\/\/www.cyromromania.ro\/ro_ro\/","logo":{"@type":"ImageObject","inLanguage":"en-GB","@id":"https:\/\/www.cyromromania.ro\/ro_ro\/#\/schema\/logo\/image\/","url":"https:\/\/www.cyromromania.ro\/wp-content\/uploads\/2020\/11\/cropped-Logo-Cyrom-1-2.png","contentUrl":"https:\/\/www.cyromromania.ro\/wp-content\/uploads\/2020\/11\/cropped-Logo-Cyrom-1-2.png","width":910,"height":268,"caption":"CYROM ROMANIA S.R.L."},"image":{"@id":"https:\/\/www.cyromromania.ro\/ro_ro\/#\/schema\/logo\/image\/"},"sameAs":["https:\/\/www.facebook.com\/pfanner.romania\/"]}]}},"_links":{"self":[{"href":"https:\/\/www.cyromromania.ro\/en\/wp-json\/wp\/v2\/pages\/3765","targetHints":{"allow":["GET"]}}],"collection":[{"href":"https:\/\/www.cyromromania.ro\/en\/wp-json\/wp\/v2\/pages"}],"about":[{"href":"https:\/\/www.cyromromania.ro\/en\/wp-json\/wp\/v2\/types\/page"}],"author":[{"embeddable":true,"href":"https:\/\/www.cyromromania.ro\/en\/wp-json\/wp\/v2\/users\/3"}],"replies":[{"embeddable":true,"href":"https:\/\/www.cyromromania.ro\/en\/wp-json\/wp\/v2\/comments?post=3765"}],"version-history":[{"count":31,"href":"https:\/\/www.cyromromania.ro\/en\/wp-json\/wp\/v2\/pages\/3765\/revisions"}],"predecessor-version":[{"id":3891,"href":"https:\/\/www.cyromromania.ro\/en\/wp-json\/wp\/v2\/pages\/3765\/revisions\/3891"}],"wp:attachment":[{"href":"https:\/\/www.cyromromania.ro\/en\/wp-json\/wp\/v2\/media?parent=3765"}],"curies":[{"name":"wp","href":"https:\/\/api.w.org\/{rel}","templated":true}]}}