{"id":1267,"date":"2020-08-20T13:50:27","date_gmt":"2020-08-20T10:50:27","guid":{"rendered":"https:\/\/www.cyromromania.ro\/?page_id=1267"},"modified":"2020-11-16T01:36:13","modified_gmt":"2020-11-15T23:36:13","slug":"compliance","status":"publish","type":"page","link":"https:\/\/www.cyromromania.ro\/ro_ro\/utile\/compliance\/","title":{"rendered":"Compliance"},"content":{"rendered":"\t\t<div data-elementor-type=\"wp-page\" data-elementor-id=\"1267\" class=\"elementor elementor-1267\" data-elementor-post-type=\"page\">\n\t\t\t\t\t\t<section class=\"elementor-section elementor-top-section elementor-element elementor-element-f72b624 elementor-section-boxed elementor-section-height-default elementor-section-height-default\" data-id=\"f72b624\" data-element_type=\"section\" data-e-type=\"section\">\n\t\t\t\t\t\t<div class=\"elementor-container elementor-column-gap-default\">\n\t\t\t\t\t<div class=\"elementor-column elementor-col-100 elementor-top-column elementor-element elementor-element-90c8546\" data-id=\"90c8546\" data-element_type=\"column\" data-e-type=\"column\">\n\t\t\t<div class=\"elementor-widget-wrap elementor-element-populated\">\n\t\t\t\t\t\t<div class=\"elementor-element elementor-element-89cdcdb elementor-widget-divider--view-line elementor-widget elementor-widget-divider\" data-id=\"89cdcdb\" data-element_type=\"widget\" data-e-type=\"widget\" data-widget_type=\"divider.default\">\n\t\t\t\t<div class=\"elementor-widget-container\">\n\t\t\t\t\t\t\t<div class=\"elementor-divider\">\n\t\t\t<span class=\"elementor-divider-separator\">\n\t\t\t\t\t\t<\/span>\n\t\t<\/div>\n\t\t\t\t\t\t<\/div>\n\t\t\t\t<\/div>\n\t\t\t\t\t<\/div>\n\t\t<\/div>\n\t\t\t\t\t<\/div>\n\t\t<\/section>\n\t\t\t\t<section class=\"elementor-section elementor-top-section elementor-element elementor-element-6ac91d1f elementor-section-boxed elementor-section-height-default elementor-section-height-default\" data-id=\"6ac91d1f\" data-element_type=\"section\" data-e-type=\"section\">\n\t\t\t\t\t\t<div class=\"elementor-container elementor-column-gap-default\">\n\t\t\t\t\t<div class=\"elementor-column elementor-col-100 elementor-top-column elementor-element elementor-element-b87cf72\" data-id=\"b87cf72\" data-element_type=\"column\" data-e-type=\"column\">\n\t\t\t<div class=\"elementor-widget-wrap elementor-element-populated\">\n\t\t\t\t\t\t<div class=\"elementor-element elementor-element-6dc253ec elementor-widget elementor-widget-text-editor\" data-id=\"6dc253ec\" data-element_type=\"widget\" data-e-type=\"widget\" data-widget_type=\"text-editor.default\">\n\t\t\t\t<div class=\"elementor-widget-container\">\n\t\t\t\t\t\t\t\t\t<p><strong><em>CYROM ROMANIA<\/em><\/strong> <span style=\"font-size: 16px; font-style: normal; font-weight: 400;\">se angajeaz\u0103 s\u0103 aib\u0103 practici \u0219i integritate etic\u0103 \u0219i durabil\u0103 \u00een toate activit\u0103\u021bile sale de afaceri. Valorile \u0219i standardele asociate sunt definite \u00eentr-un cod de conduit\u0103, care constituie baza tuturor activit\u0103\u021bilor \u0219i deciziilor noastre de afaceri \u0219i este parte integrant\u0103 a culturii noastre corporative, obligatorie pentru to\u021bi angaja\u021bii companiei.<\/span><\/p>\n<p>\u00cen rezumat, compania&nbsp;<strong><em>CYROM ROMANIA&nbsp;<\/em><\/strong>se angajeaz\u0103 pentru urm\u0103toarele valori:<\/p>\t\t\t\t\t\t\t\t<\/div>\n\t\t\t\t<\/div>\n\t\t\t\t<div class=\"elementor-element elementor-element-84be555 elementor-widget elementor-widget-heading\" data-id=\"84be555\" data-element_type=\"widget\" data-e-type=\"widget\" data-widget_type=\"heading.default\">\n\t\t\t\t<div class=\"elementor-widget-container\">\n\t\t\t\t\t<h2 class=\"elementor-heading-title elementor-size-default\">UTILIZAREA RESURSELOR \u0218I DURABILITATE<\/h2>\t\t\t\t<\/div>\n\t\t\t\t<\/div>\n\t\t\t\t<div class=\"elementor-element elementor-element-cfa5240 elementor-widget elementor-widget-text-editor\" data-id=\"cfa5240\" data-element_type=\"widget\" data-e-type=\"widget\" data-widget_type=\"text-editor.default\">\n\t\t\t\t<div class=\"elementor-widget-container\">\n\t\t\t\t\t\t\t\t\t<p><strong><em>CYROM ROMANIA&nbsp;<\/em><\/strong>este con\u0219tient de impactul ecologic at\u00e2t al activit\u0103\u021bilor sale comerciale, c\u00e2t \u0219i al produc\u0103torilor cu care colaboreaz\u0103.&nbsp;<strong><em>CYROM ROMANIA <\/em><\/strong><span style=\"font-size: 16px; font-style: normal; font-weight: 400;\">ia \u00een serios aceast\u0103 responsabilitate pentru mediu \u0219i se asociaz\u0103 exclusiv cu parteneri care&nbsp;<\/span><span style=\"font-size: 16px;\">lucreaz\u0103 continuu la \u00eembun\u0103t\u0103\u021birea metodelor \u0219i proceselor pentru a reduce impactul asupra mediului al activit\u0103\u021bilor comerciale.&nbsp;<\/span><strong style=\"font-size: 16px;\"><em>CYROM ROMANIA&nbsp;<\/em><\/strong><span style=\"font-size: 16px;\">contribuie astfel la men\u021binerea unui mediu s\u0103n\u0103tos de munc\u0103 \u0219i de via\u021b\u0103.<\/span><\/p>\t\t\t\t\t\t\t\t<\/div>\n\t\t\t\t<\/div>\n\t\t\t\t<div class=\"elementor-element elementor-element-0c5081c elementor-widget elementor-widget-heading\" data-id=\"0c5081c\" data-element_type=\"widget\" data-e-type=\"widget\" data-widget_type=\"heading.default\">\n\t\t\t\t<div class=\"elementor-widget-container\">\n\t\t\t\t\t<h2 class=\"elementor-heading-title elementor-size-default\">INTEGRITATE \u0218I ETIC\u0102 IN AFACERI<\/h2>\t\t\t\t<\/div>\n\t\t\t\t<\/div>\n\t\t\t\t<div class=\"elementor-element elementor-element-dd56aed elementor-widget elementor-widget-text-editor\" data-id=\"dd56aed\" data-element_type=\"widget\" data-e-type=\"widget\" data-widget_type=\"text-editor.default\">\n\t\t\t\t<div class=\"elementor-widget-container\">\n\t\t\t\t\t\t\t\t\t<p>Atunci c\u00e2nd se ocup\u0103 de parteneri de afaceri,\u00a0<strong><em>CYROM ROMANIA\u00a0<\/em><\/strong>se angajeaz\u0103 s\u0103 dea dovad\u0103 de respect \u0219i onestitate. Acest lucru include, \u00een special, concuren\u021ba echitabil\u0103, precum \u0219i discre\u021bia \u00een ceea ce prive\u0219te secretele comerciale, alte informa\u021bii demne de protec\u021bie \u0219i informa\u021bii confiden\u021biale.\u00a0<strong><em>CYROM ROMANIA\u00a0<\/em><\/strong>nu tolereaz\u0103 nicio form\u0103 de corup\u021bie, extorsiune \u0219i luare de mit\u0103.<\/p>\t\t\t\t\t\t\t\t<\/div>\n\t\t\t\t<\/div>\n\t\t\t\t<div class=\"elementor-element elementor-element-3812ee2 elementor-widget elementor-widget-heading\" data-id=\"3812ee2\" data-element_type=\"widget\" data-e-type=\"widget\" data-widget_type=\"heading.default\">\n\t\t\t\t<div class=\"elementor-widget-container\">\n\t\t\t\t\t<h2 class=\"elementor-heading-title elementor-size-default\">RESPONSABILITATE SOCIAL\u0102<\/h2>\t\t\t\t<\/div>\n\t\t\t\t<\/div>\n\t\t\t\t<div class=\"elementor-element elementor-element-6dee64b elementor-widget elementor-widget-text-editor\" data-id=\"6dee64b\" data-element_type=\"widget\" data-e-type=\"widget\" data-widget_type=\"text-editor.default\">\n\t\t\t\t<div class=\"elementor-widget-container\">\n\t\t\t\t\t\t\t\t\t<p><strong><em>CYROM ROMANIA\u00a0<\/em><\/strong>se angajeaz\u0103 s\u0103 respecte \u0219i s\u0103 protejeze f\u0103r\u0103 rezerve drepturile \u0219i nevoile de baz\u0103 ale oamenilor, demnitatea uman\u0103 \u0219i drepturile de baz\u0103 ale lucr\u0103torilor, chiar \u0219i \u00een \u021b\u0103rile \u00een care cerin\u021bele legale nu o fac sau nu pe deplin.<\/p>\t\t\t\t\t\t\t\t<\/div>\n\t\t\t\t<\/div>\n\t\t\t\t<div class=\"elementor-element elementor-element-a4eb8b1 elementor-widget elementor-widget-heading\" data-id=\"a4eb8b1\" data-element_type=\"widget\" data-e-type=\"widget\" data-widget_type=\"heading.default\">\n\t\t\t\t<div class=\"elementor-widget-container\">\n\t\t\t\t\t<h2 class=\"elementor-heading-title elementor-size-default\">CALITATE<\/h2>\t\t\t\t<\/div>\n\t\t\t\t<\/div>\n\t\t\t\t<div class=\"elementor-element elementor-element-bd28c45 elementor-widget elementor-widget-text-editor\" data-id=\"bd28c45\" data-element_type=\"widget\" data-e-type=\"widget\" data-widget_type=\"text-editor.default\">\n\t\t\t\t<div class=\"elementor-widget-container\">\n\t\t\t\t\t\t\t\t\t<p><strong><em>CYROM ROMANIA\u00a0<\/em><\/strong>se angajeaz\u0103 s\u0103 distribuie produse de cea mai bun\u0103 calitate \u0219i s\u0103 ofere cea mai bun\u0103 informa\u021bie posibil\u0103 partenerilor s\u0103i de afaceri. Garant\u0103m clien\u021bilor no\u0219tri c\u0103 vor primi produse sigure, impecabil igienice \u0219i de \u00eenalt\u0103 calitate.<\/p>\t\t\t\t\t\t\t\t<\/div>\n\t\t\t\t<\/div>\n\t\t\t\t<div class=\"elementor-element elementor-element-90ff8e5 elementor-widget elementor-widget-heading\" data-id=\"90ff8e5\" data-element_type=\"widget\" data-e-type=\"widget\" data-widget_type=\"heading.default\">\n\t\t\t\t<div class=\"elementor-widget-container\">\n\t\t\t\t\t<h2 class=\"elementor-heading-title elementor-size-default\">RESPECTAREA LEGII<\/h2>\t\t\t\t<\/div>\n\t\t\t\t<\/div>\n\t\t\t\t<div class=\"elementor-element elementor-element-6940519 elementor-widget elementor-widget-text-editor\" data-id=\"6940519\" data-element_type=\"widget\" data-e-type=\"widget\" data-widget_type=\"text-editor.default\">\n\t\t\t\t<div class=\"elementor-widget-container\">\n\t\t\t\t\t\t\t\t\t<p><strong><em>CYROM ROMANIA\u00a0<\/em><\/strong>se angajeaz\u0103 s\u0103 respecte legile na\u021bionale \u0219i dispozi\u021biile legale interna\u021bionale \u0219i alte reglement\u0103ri externe \u0219i interne. Managerii no\u0219tri sunt responsabili s\u0103 se asigure c\u0103 \u00een domeniul lor de responsabilitate nu sunt \u00eenc\u0103lcate legi care ar fi putut fi prevenite printr-o supraveghere \u0219i organizare adecvat\u0103.<\/p><p>Pentru a descoperi comportamente incorecte, cum ar fi luarea de mit\u0103, furtul, precum \u0219i \u00eenc\u0103lcarea principiilor de conduit\u0103 interne ale companiei,\u00a0<strong><em>CYROM ROMANIA\u00a0<\/em><\/strong>pune la dispozi\u021bie un portal de denun\u021bare. Angaja\u021bii, partenerii de afaceri \u0219i clien\u021bii care observ\u0103 posibile \u00eenc\u0103lc\u0103ri ale legilor, standardelor sau principiilor de conduit\u0103, pot raporta acest lucru folosind informa\u021biile de contact de mai jos. Raportul va fi primit de ofi\u021berul de conformitate, care va investiga imediat problema.<\/p><p>Rapoartele trimise pot fi \u00eenso\u021bite de documente care con\u021bin informa\u021bii utile despre \u00eenc\u0103lcarea regulii. Raportul dvs. va fi automat trimis la o adres\u0103 de e-mail la care are acces numai ofi\u021berul de conformitate.\u00a0<span style=\"font-size: 16px;\">Investig\u0103m toate oportunit\u0103\u021bile cu aten\u021bie \u0219i, dac\u0103 este necesar, lu\u0103m m\u0103surile corespunz\u0103toare.\u00a0<\/span><strong style=\"font-size: 16px;\"><em>CYROM ROMANIA\u00a0<\/em><\/strong><span style=\"font-size: 16px;\">se asigur\u0103 c\u0103 informa\u021biile vor fi p\u0103strate confiden\u021bial.<\/span><\/p>\t\t\t\t\t\t\t\t<\/div>\n\t\t\t\t<\/div>\n\t\t\t\t<div class=\"elementor-element elementor-element-f9e47c0 elementor-widget elementor-widget-heading\" data-id=\"f9e47c0\" data-element_type=\"widget\" data-e-type=\"widget\" data-widget_type=\"heading.default\">\n\t\t\t\t<div class=\"elementor-widget-container\">\n\t\t\t\t\t<h3 class=\"elementor-heading-title elementor-size-default\">ofi\u021ber de conformitate<\/h3>\t\t\t\t<\/div>\n\t\t\t\t<\/div>\n\t\t\t\t<div class=\"elementor-element elementor-element-00c4cc2 elementor-icon-list--layout-traditional elementor-list-item-link-full_width elementor-widget elementor-widget-icon-list\" data-id=\"00c4cc2\" data-element_type=\"widget\" data-e-type=\"widget\" data-widget_type=\"icon-list.default\">\n\t\t\t\t<div class=\"elementor-widget-container\">\n\t\t\t\t\t\t\t<ul class=\"elementor-icon-list-items\">\n\t\t\t\t\t\t\t<li class=\"elementor-icon-list-item\">\n\t\t\t\t\t\t\t\t\t\t\t<a href=\"mailto:legal@cyromromania.ro\">\n\n\t\t\t\t\t\t\t\t\t\t\t\t<span class=\"elementor-icon-list-icon\">\n\t\t\t\t\t\t\t<i aria-hidden=\"true\" class=\"fas fa-headset\"><\/i>\t\t\t\t\t\t<\/span>\n\t\t\t\t\t\t\t\t\t\t<span class=\"elementor-icon-list-text\">legal@cyromromania.ro<\/span>\n\t\t\t\t\t\t\t\t\t\t\t<\/a>\n\t\t\t\t\t\t\t\t\t<\/li>\n\t\t\t\t\t\t<\/ul>\n\t\t\t\t\t\t<\/div>\n\t\t\t\t<\/div>\n\t\t\t\t\t<\/div>\n\t\t<\/div>\n\t\t\t\t\t<\/div>\n\t\t<\/section>\n\t\t\t\t<\/div>\n\t\t","protected":false},"excerpt":{"rendered":"<p>CYROM ROMANIA se angajeaz\u0103 s\u0103 aib\u0103 practici \u0219i integritate etic\u0103 \u0219i durabil\u0103 \u00een toate activit\u0103\u021bile sale de afaceri. Valorile \u0219i standardele asociate sunt definite \u00eentr-un cod de conduit\u0103, care constituie baza tuturor activit\u0103\u021bilor \u0219i deciziilor noastre de afaceri \u0219i este parte integrant\u0103 a culturii noastre corporative, obligatorie pentru to\u021bi angaja\u021bii companiei. \u00cen rezumat, compania&nbsp;CYROM ROMANIA&nbsp;se [&hellip;]<\/p>\n","protected":false},"author":3,"featured_media":0,"parent":1276,"menu_order":0,"comment_status":"closed","ping_status":"closed","template":"","meta":{"site-sidebar-layout":"default","site-content-layout":"default","ast-site-content-layout":"default","site-content-style":"default","site-sidebar-style":"default","ast-global-header-display":"","ast-banner-title-visibility":"","ast-main-header-display":"","ast-hfb-above-header-display":"","ast-hfb-below-header-display":"","ast-hfb-mobile-header-display":"","site-post-title":"","ast-breadcrumbs-content":"","ast-featured-img":"","footer-sml-layout":"","ast-disable-related-posts":"","theme-transparent-header-meta":"default","adv-header-id-meta":"","stick-header-meta":"","header-above-stick-meta":"","header-main-stick-meta":"","header-below-stick-meta":"","astra-migrate-meta-layouts":"default","ast-page-background-enabled":"default","ast-page-background-meta":{"desktop":{"background-color":"","background-image":"","background-repeat":"repeat","background-position":"center center","background-size":"auto","background-attachment":"scroll","background-type":"","background-media":"","overlay-type":"","overlay-color":"","overlay-opacity":"","overlay-gradient":""},"tablet":{"background-color":"","background-image":"","background-repeat":"repeat","background-position":"center center","background-size":"auto","background-attachment":"scroll","background-type":"","background-media":"","overlay-type":"","overlay-color":"","overlay-opacity":"","overlay-gradient":""},"mobile":{"background-color":"","background-image":"","background-repeat":"repeat","background-position":"center center","background-size":"auto","background-attachment":"scroll","background-type":"","background-media":"","overlay-type":"","overlay-color":"","overlay-opacity":"","overlay-gradient":""}},"ast-content-background-meta":{"desktop":{"background-color":"var(--ast-global-color-5)","background-image":"","background-repeat":"repeat","background-position":"center center","background-size":"auto","background-attachment":"scroll","background-type":"","background-media":"","overlay-type":"","overlay-color":"","overlay-opacity":"","overlay-gradient":""},"tablet":{"background-color":"var(--ast-global-color-5)","background-image":"","background-repeat":"repeat","background-position":"center center","background-size":"auto","background-attachment":"scroll","background-type":"","background-media":"","overlay-type":"","overlay-color":"","overlay-opacity":"","overlay-gradient":""},"mobile":{"background-color":"var(--ast-global-color-5)","background-image":"","background-repeat":"repeat","background-position":"center center","background-size":"auto","background-attachment":"scroll","background-type":"","background-media":"","overlay-type":"","overlay-color":"","overlay-opacity":"","overlay-gradient":""}},"footnotes":""},"class_list":["post-1267","page","type-page","status-publish","hentry"],"yoast_head":"<!-- This site is optimized with the Yoast SEO plugin v27.5 - https:\/\/yoast.com\/product\/yoast-seo-wordpress\/ -->\n<title>Compliance &#8211; Cyrom Romania<\/title>\n<meta name=\"description\" content=\"Cyrom Rom\u00e2nia se angajeaz\u0103 s\u0103 aib\u0103 practici \u0219i integritate etic\u0103 \u0219i durabil\u0103 \u00een toate activit\u0103\u021bile sale de afaceri. Afl\u0103 mai multe!\" \/>\n<meta name=\"robots\" content=\"index, follow, max-snippet:-1, max-image-preview:large, max-video-preview:-1\" \/>\n<link rel=\"canonical\" href=\"https:\/\/www.cyromromania.ro\/ro_ro\/utile\/compliance\/\" \/>\n<meta property=\"og:locale\" content=\"ro_RO\" \/>\n<meta property=\"og:type\" content=\"article\" \/>\n<meta property=\"og:title\" content=\"Compliance &#8211; Cyrom Romania\" \/>\n<meta property=\"og:description\" content=\"Cyrom Rom\u00e2nia se angajeaz\u0103 s\u0103 aib\u0103 practici \u0219i integritate etic\u0103 \u0219i durabil\u0103 \u00een toate activit\u0103\u021bile sale de afaceri. Afl\u0103 mai multe!\" \/>\n<meta property=\"og:url\" content=\"https:\/\/www.cyromromania.ro\/ro_ro\/utile\/compliance\/\" \/>\n<meta property=\"og:site_name\" content=\"Cyrom Romania\" \/>\n<meta property=\"article:publisher\" content=\"https:\/\/www.facebook.com\/pfanner.romania\/\" \/>\n<meta property=\"article:modified_time\" content=\"2020-11-15T23:36:13+00:00\" \/>\n<meta name=\"twitter:card\" content=\"summary_large_image\" \/>\n<meta name=\"twitter:label1\" content=\"Timp estimat pentru citire\" \/>\n\t<meta name=\"twitter:data1\" content=\"3 minute\" \/>\n<script type=\"application\/ld+json\" class=\"yoast-schema-graph\">{\"@context\":\"https:\\\/\\\/schema.org\",\"@graph\":[{\"@type\":\"WebPage\",\"@id\":\"https:\\\/\\\/www.cyromromania.ro\\\/en\\\/utile\\\/compliance\\\/\",\"url\":\"https:\\\/\\\/www.cyromromania.ro\\\/en\\\/utile\\\/compliance\\\/\",\"name\":\"Compliance &#8211; Cyrom Romania\",\"isPartOf\":{\"@id\":\"https:\\\/\\\/www.cyromromania.ro\\\/ro_ro\\\/#website\"},\"datePublished\":\"2020-08-20T10:50:27+00:00\",\"dateModified\":\"2020-11-15T23:36:13+00:00\",\"description\":\"Cyrom Rom\u00e2nia se angajeaz\u0103 s\u0103 aib\u0103 practici \u0219i integritate etic\u0103 \u0219i durabil\u0103 \u00een toate activit\u0103\u021bile sale de afaceri. Afl\u0103 mai multe!\",\"breadcrumb\":{\"@id\":\"https:\\\/\\\/www.cyromromania.ro\\\/en\\\/utile\\\/compliance\\\/#breadcrumb\"},\"inLanguage\":\"ro-RO\",\"potentialAction\":[{\"@type\":\"ReadAction\",\"target\":[\"https:\\\/\\\/www.cyromromania.ro\\\/en\\\/utile\\\/compliance\\\/\"]}]},{\"@type\":\"BreadcrumbList\",\"@id\":\"https:\\\/\\\/www.cyromromania.ro\\\/en\\\/utile\\\/compliance\\\/#breadcrumb\",\"itemListElement\":[{\"@type\":\"ListItem\",\"position\":1,\"name\":\"Home\",\"item\":\"https:\\\/\\\/www.cyromromania.ro\\\/\"},{\"@type\":\"ListItem\",\"position\":2,\"name\":\"Utile\",\"item\":\"https:\\\/\\\/www.cyromromania.ro\\\/en\\\/utile\\\/\"},{\"@type\":\"ListItem\",\"position\":3,\"name\":\"Compliance\"}]},{\"@type\":\"WebSite\",\"@id\":\"https:\\\/\\\/www.cyromromania.ro\\\/ro_ro\\\/#website\",\"url\":\"https:\\\/\\\/www.cyromromania.ro\\\/ro_ro\\\/\",\"name\":\"Cyrom Romania\",\"description\":\"\u00cempreun\u0103 din 2002\",\"publisher\":{\"@id\":\"https:\\\/\\\/www.cyromromania.ro\\\/ro_ro\\\/#organization\"},\"potentialAction\":[{\"@type\":\"SearchAction\",\"target\":{\"@type\":\"EntryPoint\",\"urlTemplate\":\"https:\\\/\\\/www.cyromromania.ro\\\/ro_ro\\\/?s={search_term_string}\"},\"query-input\":{\"@type\":\"PropertyValueSpecification\",\"valueRequired\":true,\"valueName\":\"search_term_string\"}}],\"inLanguage\":\"ro-RO\"},{\"@type\":\"Organization\",\"@id\":\"https:\\\/\\\/www.cyromromania.ro\\\/ro_ro\\\/#organization\",\"name\":\"CYROM ROMANIA S.R.L.\",\"url\":\"https:\\\/\\\/www.cyromromania.ro\\\/ro_ro\\\/\",\"logo\":{\"@type\":\"ImageObject\",\"inLanguage\":\"ro-RO\",\"@id\":\"https:\\\/\\\/www.cyromromania.ro\\\/ro_ro\\\/#\\\/schema\\\/logo\\\/image\\\/\",\"url\":\"https:\\\/\\\/www.cyromromania.ro\\\/wp-content\\\/uploads\\\/2020\\\/11\\\/cropped-Logo-Cyrom-1-2.png\",\"contentUrl\":\"https:\\\/\\\/www.cyromromania.ro\\\/wp-content\\\/uploads\\\/2020\\\/11\\\/cropped-Logo-Cyrom-1-2.png\",\"width\":910,\"height\":268,\"caption\":\"CYROM ROMANIA S.R.L.\"},\"image\":{\"@id\":\"https:\\\/\\\/www.cyromromania.ro\\\/ro_ro\\\/#\\\/schema\\\/logo\\\/image\\\/\"},\"sameAs\":[\"https:\\\/\\\/www.facebook.com\\\/pfanner.romania\\\/\"]}]}<\/script>\n<!-- \/ Yoast SEO plugin. -->","yoast_head_json":{"title":"Compliance &#8211; Cyrom Romania","description":"Cyrom Rom\u00e2nia se angajeaz\u0103 s\u0103 aib\u0103 practici \u0219i integritate etic\u0103 \u0219i durabil\u0103 \u00een toate activit\u0103\u021bile sale de afaceri. Afl\u0103 mai multe!","robots":{"index":"index","follow":"follow","max-snippet":"max-snippet:-1","max-image-preview":"max-image-preview:large","max-video-preview":"max-video-preview:-1"},"canonical":"https:\/\/www.cyromromania.ro\/ro_ro\/utile\/compliance\/","og_locale":"ro_RO","og_type":"article","og_title":"Compliance &#8211; Cyrom Romania","og_description":"Cyrom Rom\u00e2nia se angajeaz\u0103 s\u0103 aib\u0103 practici \u0219i integritate etic\u0103 \u0219i durabil\u0103 \u00een toate activit\u0103\u021bile sale de afaceri. Afl\u0103 mai multe!","og_url":"https:\/\/www.cyromromania.ro\/ro_ro\/utile\/compliance\/","og_site_name":"Cyrom Romania","article_publisher":"https:\/\/www.facebook.com\/pfanner.romania\/","article_modified_time":"2020-11-15T23:36:13+00:00","twitter_card":"summary_large_image","twitter_misc":{"Timp estimat pentru citire":"3 minute"},"schema":{"@context":"https:\/\/schema.org","@graph":[{"@type":"WebPage","@id":"https:\/\/www.cyromromania.ro\/en\/utile\/compliance\/","url":"https:\/\/www.cyromromania.ro\/en\/utile\/compliance\/","name":"Compliance &#8211; Cyrom Romania","isPartOf":{"@id":"https:\/\/www.cyromromania.ro\/ro_ro\/#website"},"datePublished":"2020-08-20T10:50:27+00:00","dateModified":"2020-11-15T23:36:13+00:00","description":"Cyrom Rom\u00e2nia se angajeaz\u0103 s\u0103 aib\u0103 practici \u0219i integritate etic\u0103 \u0219i durabil\u0103 \u00een toate activit\u0103\u021bile sale de afaceri. Afl\u0103 mai multe!","breadcrumb":{"@id":"https:\/\/www.cyromromania.ro\/en\/utile\/compliance\/#breadcrumb"},"inLanguage":"ro-RO","potentialAction":[{"@type":"ReadAction","target":["https:\/\/www.cyromromania.ro\/en\/utile\/compliance\/"]}]},{"@type":"BreadcrumbList","@id":"https:\/\/www.cyromromania.ro\/en\/utile\/compliance\/#breadcrumb","itemListElement":[{"@type":"ListItem","position":1,"name":"Home","item":"https:\/\/www.cyromromania.ro\/"},{"@type":"ListItem","position":2,"name":"Utile","item":"https:\/\/www.cyromromania.ro\/en\/utile\/"},{"@type":"ListItem","position":3,"name":"Compliance"}]},{"@type":"WebSite","@id":"https:\/\/www.cyromromania.ro\/ro_ro\/#website","url":"https:\/\/www.cyromromania.ro\/ro_ro\/","name":"Cyrom Romania","description":"\u00cempreun\u0103 din 2002","publisher":{"@id":"https:\/\/www.cyromromania.ro\/ro_ro\/#organization"},"potentialAction":[{"@type":"SearchAction","target":{"@type":"EntryPoint","urlTemplate":"https:\/\/www.cyromromania.ro\/ro_ro\/?s={search_term_string}"},"query-input":{"@type":"PropertyValueSpecification","valueRequired":true,"valueName":"search_term_string"}}],"inLanguage":"ro-RO"},{"@type":"Organization","@id":"https:\/\/www.cyromromania.ro\/ro_ro\/#organization","name":"CYROM ROMANIA S.R.L.","url":"https:\/\/www.cyromromania.ro\/ro_ro\/","logo":{"@type":"ImageObject","inLanguage":"ro-RO","@id":"https:\/\/www.cyromromania.ro\/ro_ro\/#\/schema\/logo\/image\/","url":"https:\/\/www.cyromromania.ro\/wp-content\/uploads\/2020\/11\/cropped-Logo-Cyrom-1-2.png","contentUrl":"https:\/\/www.cyromromania.ro\/wp-content\/uploads\/2020\/11\/cropped-Logo-Cyrom-1-2.png","width":910,"height":268,"caption":"CYROM ROMANIA S.R.L."},"image":{"@id":"https:\/\/www.cyromromania.ro\/ro_ro\/#\/schema\/logo\/image\/"},"sameAs":["https:\/\/www.facebook.com\/pfanner.romania\/"]}]}},"_links":{"self":[{"href":"https:\/\/www.cyromromania.ro\/ro_ro\/wp-json\/wp\/v2\/pages\/1267","targetHints":{"allow":["GET"]}}],"collection":[{"href":"https:\/\/www.cyromromania.ro\/ro_ro\/wp-json\/wp\/v2\/pages"}],"about":[{"href":"https:\/\/www.cyromromania.ro\/ro_ro\/wp-json\/wp\/v2\/types\/page"}],"author":[{"embeddable":true,"href":"https:\/\/www.cyromromania.ro\/ro_ro\/wp-json\/wp\/v2\/users\/3"}],"replies":[{"embeddable":true,"href":"https:\/\/www.cyromromania.ro\/ro_ro\/wp-json\/wp\/v2\/comments?post=1267"}],"version-history":[{"count":10,"href":"https:\/\/www.cyromromania.ro\/ro_ro\/wp-json\/wp\/v2\/pages\/1267\/revisions"}],"predecessor-version":[{"id":3628,"href":"https:\/\/www.cyromromania.ro\/ro_ro\/wp-json\/wp\/v2\/pages\/1267\/revisions\/3628"}],"up":[{"embeddable":true,"href":"https:\/\/www.cyromromania.ro\/ro_ro\/wp-json\/wp\/v2\/pages\/1276"}],"wp:attachment":[{"href":"https:\/\/www.cyromromania.ro\/ro_ro\/wp-json\/wp\/v2\/media?parent=1267"}],"curies":[{"name":"wp","href":"https:\/\/api.w.org\/{rel}","templated":true}]}}