{"id":1270,"date":"2020-08-20T13:56:44","date_gmt":"2020-08-20T10:56:44","guid":{"rendered":"https:\/\/www.cyromromania.ro\/?page_id=1270"},"modified":"2020-11-16T01:34:33","modified_gmt":"2020-11-15T23:34:33","slug":"gdpr","status":"publish","type":"page","link":"https:\/\/www.cyromromania.ro\/ro_ro\/utile\/gdpr\/","title":{"rendered":"Consim\u021b\u0103m\u00e2nt la prelucrarea datelor cu caracter personal"},"content":{"rendered":"\t\t<div data-elementor-type=\"wp-page\" data-elementor-id=\"1270\" class=\"elementor elementor-1270\" data-elementor-post-type=\"page\">\n\t\t\t\t\t\t<section class=\"elementor-section elementor-top-section elementor-element elementor-element-475cd6d elementor-section-boxed elementor-section-height-default elementor-section-height-default\" data-id=\"475cd6d\" data-element_type=\"section\" data-e-type=\"section\">\n\t\t\t\t\t\t<div class=\"elementor-container elementor-column-gap-default\">\n\t\t\t\t\t<div class=\"elementor-column elementor-col-100 elementor-top-column elementor-element elementor-element-d5f4731\" data-id=\"d5f4731\" data-element_type=\"column\" data-e-type=\"column\">\n\t\t\t<div class=\"elementor-widget-wrap elementor-element-populated\">\n\t\t\t\t\t\t<div class=\"elementor-element elementor-element-214d5e9 elementor-widget-divider--view-line elementor-widget elementor-widget-divider\" data-id=\"214d5e9\" data-element_type=\"widget\" data-e-type=\"widget\" data-widget_type=\"divider.default\">\n\t\t\t\t<div class=\"elementor-widget-container\">\n\t\t\t\t\t\t\t<div class=\"elementor-divider\">\n\t\t\t<span class=\"elementor-divider-separator\">\n\t\t\t\t\t\t<\/span>\n\t\t<\/div>\n\t\t\t\t\t\t<\/div>\n\t\t\t\t<\/div>\n\t\t\t\t\t<\/div>\n\t\t<\/div>\n\t\t\t\t\t<\/div>\n\t\t<\/section>\n\t\t\t\t<section class=\"elementor-section elementor-top-section elementor-element elementor-element-662e4e46 elementor-section-boxed elementor-section-height-default elementor-section-height-default\" data-id=\"662e4e46\" data-element_type=\"section\" data-e-type=\"section\">\n\t\t\t\t\t\t<div class=\"elementor-container elementor-column-gap-default\">\n\t\t\t\t\t<div class=\"elementor-column elementor-col-100 elementor-top-column elementor-element elementor-element-497ad7b7\" data-id=\"497ad7b7\" data-element_type=\"column\" data-e-type=\"column\">\n\t\t\t<div class=\"elementor-widget-wrap elementor-element-populated\">\n\t\t\t\t\t\t<div class=\"elementor-element elementor-element-45aa707e elementor-widget elementor-widget-text-editor\" data-id=\"45aa707e\" data-element_type=\"widget\" data-e-type=\"widget\" data-widget_type=\"text-editor.default\">\n\t\t\t\t<div class=\"elementor-widget-container\">\n\t\t\t\t\t\t\t\t\t<p>Datele cu caracter personal \u00een sensul Regulamentului general european pentru protec\u021bia datelor (GDPR) sunt toate informa\u021biile referitoare la o persoan\u0103 fizic\u0103 \u0219i identificabil\u0103. Prelucrarea datelor este definit\u0103 ca fiind orice opera\u021bie, cum ar fi compilarea, \u00eenregistrarea sau stocarea, care se realizeaz\u0103 cu aceste date.<\/p><p>Pentru orice contact cu <strong><em>CYROM ROMANIA<\/em><\/strong>, fie de exemplu prin formularul de contact prin e-mail, telefon, po\u0219t\u0103, fax sau pagin\u0103 de pornire, datele personale sunt transmise c\u0103tre <strong><em>CYROM ROMANIA<\/em> <\/strong>pentru prelucrare. Cel pu\u021bin contactul, cum ar fi numele \u0219i adresa expeditorului, sunt \u00een mod regulat vizate.<\/p><p>Prin coresponden\u021ba cu <strong><em>CYROM ROMANIA<\/em><\/strong> \u0219i, \u00een acest sens, dezv\u0103luirea datelor cu caracter personal, consim\u021bi\u021bi \u00een mod special la prelucrarea acestor date cu caracter personal dezv\u0103luite de c\u0103tre <strong><em>CYROM ROMANIA<\/em><\/strong>, precum \u0219i la transferul acestor date c\u0103tre companii din Grupul <strong><em>CYROM ROMANIA<\/em><\/strong>. Acest consim\u021b\u0103m\u00e2nt pentru prelucrarea datelor cu caracter personal are loc voluntar \u0219i este independent de \u00eendeplinirea unui contract. Ori de c\u00e2te ori dezv\u0103lui\u021bi date personale ale unor ter\u021bi, <strong><em>CYROM ROMANIA<\/em><\/strong> presupune c\u0103 ave\u021bi dreptul de a procesa aceste date. <strong><em>CYROM ROMANIA<\/em><\/strong> prelucreaz\u0103 datele cu caracter personal exclusiv \u00een scopul special rezultat din coresponden\u021b\u0103 \u0219i \u00eel \u0219terge odat\u0103 ce acest scop a fost \u00eendeplinit sau la cerere, cu excep\u021bia cazului \u00een care acest lucru contravine perioadelor legale de p\u0103strare. Acest consim\u021b\u0103m\u00e2nt poate fi revocat \u00een orice moment \u00een mod informal.<\/p><p>Dac\u0103 nu aproba\u021bi prelucrarea datelor cu caracter personal sau dac\u0103 datele cu caracter personal sunt ale unor ter\u021bi \u0219i, prin urmare, nu ave\u021bi dreptul s\u0103 consim\u021bi\u021bi s\u0103 fie prelucrate, v\u0103 rug\u0103m s\u0103 v\u0103 ab\u021bine\u021bi de la transmiterea acestor date.<\/p>\t\t\t\t\t\t\t\t<\/div>\n\t\t\t\t<\/div>\n\t\t\t\t<div class=\"elementor-element elementor-element-431cf4f elementor-widget elementor-widget-heading\" data-id=\"431cf4f\" data-element_type=\"widget\" data-e-type=\"widget\" data-widget_type=\"heading.default\">\n\t\t\t\t<div class=\"elementor-widget-container\">\n\t\t\t\t\t<h2 class=\"elementor-heading-title elementor-size-default\">Informa\u021bii \u00een conformitate cu articolul 13 din Regulamentul general al UE privind protec\u021bia datelor<\/h2>\t\t\t\t<\/div>\n\t\t\t\t<\/div>\n\t\t\t\t<div class=\"elementor-element elementor-element-0a89acb elementor-widget elementor-widget-text-editor\" data-id=\"0a89acb\" data-element_type=\"widget\" data-e-type=\"widget\" data-widget_type=\"text-editor.default\">\n\t\t\t\t<div class=\"elementor-widget-container\">\n\t\t\t\t\t\t\t\t\t<p><em><strong>CYROM ROMANIA<\/strong><\/em> ca controlor responsabil pentru activit\u0103\u021bile de prelucrare a datelor, integral:<\/p><p>Prelucrarea datelor \u00eendepline\u0219te exclusiv scopul (obiectivele) coresponden\u021bei specifice. Prelucrarea datelor conform GDPR are loc numai \u00een conformitate cu articolul 6 pentru respectarea obliga\u021biilor legale, pentru respectarea contractelor sau pe baza consim\u021b\u0103m\u00e2ntului de mai sus pentru prelucrarea datelor. Acest consim\u021b\u0103m\u00e2nt pentru prelucrarea datelor poate fi revocat \u00een orice moment.<\/p><p>Datele cu caracter personal prelucrate sunt prelucrate pe durata scopului \u0219i \u0219terse dup\u0103 aceea. \u00cen cazul datelor cu caracter personal legate de procesele de afaceri, acestea sunt p\u0103strate \u00een conformitate cu prevederile legale de p\u0103strare a impozitelor. Toate celelalte date cu caracter personal sunt stocate numai pe durata necesar\u0103 a scopului de prelucrare specific. Cel t\u00e2rziu, datele cu caracter personal sunt \u0219terse odat\u0103 ce toate perioadele legale de p\u0103strare au expirat. Atunci c\u00e2nd datele sunt transmise \u00eentr-un formular prin intermediul site-ului web, datele furnizate vor fi stocate pentru prelucrare \u0219i \u00een scopul solicit\u0103rii de urm\u0103rire pe durata a \u0219ase luni.<\/p><p>La cererea scris\u0103, toate datele cu caracter personal referitoare la persoana vizat\u0103 care este prelucrat\u0103 de <strong><em>CYROM ROMANIA SRL<\/em><\/strong> vor fi dezv\u0103luite, iar persoana \u00een cauz\u0103 va fi informat\u0103 \u00een detaliu cu privire la prelucrarea datelor respective.<\/p><p>Dac\u0103 datele cu caracter personal incorecte sunt prelucrate de c\u0103tre <strong><em>CYROM ROMANIA SRL<\/em><\/strong>, acestea se rectific\u0103 la cererea informal\u0103 scris\u0103. V\u0103 rug\u0103m s\u0103 contacta\u021bi <a href=\"mailto:office@cyromromania.ro\">office@cyromromania.ro<\/a> dac\u0103 v\u0103 afla\u021bi \u00een aceast\u0103 situa\u021bie.<\/p><p>Dac\u0103 consim\u021b\u0103m\u00e2ntul pentru prelucrarea datelor cu caracter personal este revocat, datele cu caracter personal sunt \u0219terse, cu excep\u021bia cazului \u00een care perioadele legale de p\u0103strare sau obliga\u021biile rezultate din contractele \u00eencheiate nu \u00eempiedic\u0103 acest lucru. Prelucrarea datelor cu caracter personal primite \u00eenainte de revocare nu va fi afectat\u0103.<\/p><p>Transferul datelor cu caracter personal c\u0103tre ter\u021bi nu este prev\u0103zut. Cu toate acestea, s-ar putea ca transferul de date c\u0103tre alte companii ale grupului <strong><em>CYROM ROMANIA<\/em><\/strong> s\u0103 fie necesar \u0219i astfel s\u0103 fie realizat \u00een scopul prelucr\u0103rii datelor. Transferul datelor cu caracter personal c\u0103tre destinatarii din \u021b\u0103rile ter\u021be nu are loc.<\/p><p>Ave\u021bi dreptul s\u0103 restric\u021biona\u021bi prelucrarea datelor cu caracter personal \u00een anumite scopuri desemnate prin scrisoare informal\u0103 c\u0103tre <strong><em>CYROM ROMANIA<\/em><\/strong>.<\/p><p>Dac\u0103 sunte\u021bi de p\u0103rere c\u0103 <strong><em>CYROM ROMANIA<\/em><\/strong> nu \u00ee\u0219i \u00eendepline\u0219te \u00een mod corespunz\u0103tor obliga\u021biile \u00een conformitate cu legea privind protec\u021bia datelor sau c\u0103 drepturile dvs. de protec\u021bie a datelor au fost \u00eenc\u0103lcate \u00een orice alt mod, pute\u021bi depune o pl\u00e2ngere la autoritatea pentru protec\u021bia datelor.<\/p>\t\t\t\t\t\t\t\t<\/div>\n\t\t\t\t<\/div>\n\t\t\t\t<div class=\"elementor-element elementor-element-1b58dda elementor-widget elementor-widget-heading\" data-id=\"1b58dda\" data-element_type=\"widget\" data-e-type=\"widget\" data-widget_type=\"heading.default\">\n\t\t\t\t<div class=\"elementor-widget-container\">\n\t\t\t\t\t<h2 class=\"elementor-heading-title elementor-size-default\">COOKIES<\/h2>\t\t\t\t<\/div>\n\t\t\t\t<\/div>\n\t\t\t\t<div class=\"elementor-element elementor-element-87fca7b elementor-widget elementor-widget-text-editor\" data-id=\"87fca7b\" data-element_type=\"widget\" data-e-type=\"widget\" data-widget_type=\"text-editor.default\">\n\t\t\t\t<div class=\"elementor-widget-container\">\n\t\t\t\t\t\t\t\t\t<p>Pentru a optimiza con\u021binutul paginilor, site-ul web utilizeaz\u0103 \u201ecookie-uri\u201d, fi\u0219iere text care sunt stocate pe computerul dvs., f\u0103c\u00e2nd posibil\u0103 analiza utiliz\u0103rii site-ului nostru. \u00cen acest scop, informa\u021biile de utilizare generate de cookie (inclusiv adresa dvs. IP scurtat\u0103) sunt transferate pe serverul nostru \u0219i stocate pentru analiza utiliz\u0103rii. Informa\u021biile generate de cookie-uri cu privire la utilizarea dvs. de acest site nu sunt dezv\u0103luite c\u0103tre ter\u021bi. Pute\u021bi \u00eempiedica aplicarea cookie-urilor modific\u00e2nd set\u0103rile browserului \u00een consecin\u021b\u0103. Cu toate acestea, dac\u0103 face\u021bi acest lucru, este posibil s\u0103 nu pute\u021bi utiliza toate func\u021biile acestui site web la maxim.<\/p>\t\t\t\t\t\t\t\t<\/div>\n\t\t\t\t<\/div>\n\t\t\t\t<div class=\"elementor-element elementor-element-2878f49 elementor-widget elementor-widget-heading\" data-id=\"2878f49\" data-element_type=\"widget\" data-e-type=\"widget\" data-widget_type=\"heading.default\">\n\t\t\t\t<div class=\"elementor-widget-container\">\n\t\t\t\t\t<h2 class=\"elementor-heading-title elementor-size-default\">GOOGLE ANALYTICS<\/h2>\t\t\t\t<\/div>\n\t\t\t\t<\/div>\n\t\t\t\t<div class=\"elementor-element elementor-element-7dc4da9 elementor-widget elementor-widget-text-editor\" data-id=\"7dc4da9\" data-element_type=\"widget\" data-e-type=\"widget\" data-widget_type=\"text-editor.default\">\n\t\t\t\t<div class=\"elementor-widget-container\">\n\t\t\t\t\t\t\t\t\t<p>Site-ul utilizeaz\u0103 Google Analytics, un serviciu de analiz\u0103 web al Google Inc. Google Analytics utilizeaz\u0103 \u201ecookie-uri\u201d. Informa\u021biile generate de aceste cookie-uri cu privire la utilizarea dvs. de c\u0103tre acest site web sunt transferate pe un server Google \u0219i stocate acolo. \u00cen numele operatorului acestui site web, Google folose\u0219te aceste informa\u021bii pentru a evalua utilizarea site-ului dvs., pentru a compila rapoarte despre activit\u0103\u021bile site-ului \u0219i pentru a oferi servicii suplimentare conectate la site-ul web \u0219i la internet pentru operatorul site-ului. Pute\u021bi \u00eempiedica stocarea cookie-urilor modific\u00e2nd set\u0103rile browserului \u00een consecin\u021b\u0103. Cu toate acestea, trebuie s\u0103 v\u0103 avertiz\u0103m c\u0103, dac\u0103 recurge\u021bi la aceast\u0103 m\u0103sur\u0103, este posibil s\u0103 nu pute\u021bi utiliza toate caracteristicile acestui site complet. Dincolo de aceasta, pute\u021bi \u00eempiedica colectarea de date generat\u0103 de cookie-uri (inclusiv adresa dvs. IP) referitoare la utilizarea site-ului dvs. web pentru Google, precum \u0219i la prelucrarea acestor date de c\u0103tre Google prin desc\u0103rcarea \u0219i instalarea plug-in-ului browserului disponibil prin intermediul urm\u0103torul link:<\/p><p><a href=\"http:\/\/tools.google.com\/dlpage\/gaoptout?hl=ro\">http:\/\/tools.google.com\/dlpage\/gaoptout?hl=ro<\/a><\/p><p>Mai multe informa\u021bii despre termenii \u0219i condi\u021biile de utilizare \u0219i protec\u021bia datelor pot fi g\u0103site la:<\/p><p><a href=\"http:\/\/www.google.com\/analytics\/terms\/us.html\">http:\/\/www.google.com\/analytics\/terms\/us.html<\/a><\/p><p><a href=\"https:\/\/policies.google.com\/?hl=ro\">https:\/\/policies.google.com\/?hl=ro<\/a><\/p><p>Mai mult, site-ul web folose\u0219te o func\u021bie de publicitate Google care este capabil\u0103 s\u0103 genereze rapoarte Google Analytics \u00een func\u021bie de caracteristicile \u0219i interesele demografice. \u00cen acest scop, informa\u021biile din cookie-urile Google \u0219i de la cookie-urile ter\u021be sunt utilizate pentru analiz\u0103. Cu toate acestea, toate datele ne sunt furnizate sub form\u0103 anonimizat\u0103, astfel \u00eenc\u00e2t nu putem s\u0103 deducem identitatea unui anumit utilizator. Dac\u0103 nu accepta\u021bi aceast\u0103 utilizare a datelor stocate de cookie-uri, pute\u021bi seta software-ul browserului dvs. astfel \u00eenc\u00e2t s\u0103 previn\u0103 cookie-urile \u00een \u00eentregime sau pute\u021bi instala plug-in-ul browserului men\u021bionat mai sus, interzic\u00e2nd astfel analiza comportamentului dvs. de utilizare prin Google Analytics.<\/p>\t\t\t\t\t\t\t\t<\/div>\n\t\t\t\t<\/div>\n\t\t\t\t\t<\/div>\n\t\t<\/div>\n\t\t\t\t\t<\/div>\n\t\t<\/section>\n\t\t\t\t<\/div>\n\t\t","protected":false},"excerpt":{"rendered":"<p>Datele cu caracter personal \u00een sensul Regulamentului general european pentru protec\u021bia datelor (GDPR) sunt toate informa\u021biile referitoare la o persoan\u0103 fizic\u0103 \u0219i identificabil\u0103. Prelucrarea datelor este definit\u0103 ca fiind orice opera\u021bie, cum ar fi compilarea, \u00eenregistrarea sau stocarea, care se realizeaz\u0103 cu aceste date. Pentru orice contact cu CYROM ROMANIA, fie de exemplu prin formularul [&hellip;]<\/p>\n","protected":false},"author":3,"featured_media":0,"parent":1276,"menu_order":0,"comment_status":"closed","ping_status":"closed","template":"","meta":{"site-sidebar-layout":"default","site-content-layout":"default","ast-site-content-layout":"default","site-content-style":"default","site-sidebar-style":"default","ast-global-header-display":"","ast-banner-title-visibility":"","ast-main-header-display":"","ast-hfb-above-header-display":"","ast-hfb-below-header-display":"","ast-hfb-mobile-header-display":"","site-post-title":"","ast-breadcrumbs-content":"","ast-featured-img":"","footer-sml-layout":"","ast-disable-related-posts":"","theme-transparent-header-meta":"default","adv-header-id-meta":"","stick-header-meta":"","header-above-stick-meta":"","header-main-stick-meta":"","header-below-stick-meta":"","astra-migrate-meta-layouts":"default","ast-page-background-enabled":"default","ast-page-background-meta":{"desktop":{"background-color":"","background-image":"","background-repeat":"repeat","background-position":"center center","background-size":"auto","background-attachment":"scroll","background-type":"","background-media":"","overlay-type":"","overlay-color":"","overlay-opacity":"","overlay-gradient":""},"tablet":{"background-color":"","background-image":"","background-repeat":"repeat","background-position":"center center","background-size":"auto","background-attachment":"scroll","background-type":"","background-media":"","overlay-type":"","overlay-color":"","overlay-opacity":"","overlay-gradient":""},"mobile":{"background-color":"","background-image":"","background-repeat":"repeat","background-position":"center center","background-size":"auto","background-attachment":"scroll","background-type":"","background-media":"","overlay-type":"","overlay-color":"","overlay-opacity":"","overlay-gradient":""}},"ast-content-background-meta":{"desktop":{"background-color":"var(--ast-global-color-5)","background-image":"","background-repeat":"repeat","background-position":"center center","background-size":"auto","background-attachment":"scroll","background-type":"","background-media":"","overlay-type":"","overlay-color":"","overlay-opacity":"","overlay-gradient":""},"tablet":{"background-color":"var(--ast-global-color-5)","background-image":"","background-repeat":"repeat","background-position":"center center","background-size":"auto","background-attachment":"scroll","background-type":"","background-media":"","overlay-type":"","overlay-color":"","overlay-opacity":"","overlay-gradient":""},"mobile":{"background-color":"var(--ast-global-color-5)","background-image":"","background-repeat":"repeat","background-position":"center center","background-size":"auto","background-attachment":"scroll","background-type":"","background-media":"","overlay-type":"","overlay-color":"","overlay-opacity":"","overlay-gradient":""}},"footnotes":""},"class_list":["post-1270","page","type-page","status-publish","hentry"],"yoast_head":"<!-- This site is optimized with the Yoast SEO plugin v27.5 - https:\/\/yoast.com\/product\/yoast-seo-wordpress\/ -->\n<title>Prelucrarea Datelor cu Caracter Personal &#8211; Cyrom Romania<\/title>\n<meta name=\"description\" content=\"Prin coresponden\u021ba cu Cyrom Rom\u00e2nia, consim\u021bi\u021bi \u00een mod special la prelucrarea datelor cu caracter personal furnizate.\" \/>\n<meta name=\"robots\" content=\"index, follow, max-snippet:-1, max-image-preview:large, max-video-preview:-1\" \/>\n<link rel=\"canonical\" href=\"https:\/\/www.cyromromania.ro\/ro_ro\/utile\/gdpr\/\" \/>\n<meta property=\"og:locale\" content=\"ro_RO\" \/>\n<meta property=\"og:type\" content=\"article\" \/>\n<meta property=\"og:title\" content=\"Prelucrarea Datelor cu Caracter Personal &#8211; Cyrom Romania\" \/>\n<meta property=\"og:description\" content=\"Prin coresponden\u021ba cu Cyrom Rom\u00e2nia, consim\u021bi\u021bi \u00een mod special la prelucrarea datelor cu caracter personal furnizate.\" \/>\n<meta property=\"og:url\" content=\"https:\/\/www.cyromromania.ro\/ro_ro\/utile\/gdpr\/\" \/>\n<meta property=\"og:site_name\" content=\"Cyrom Romania\" \/>\n<meta property=\"article:publisher\" content=\"https:\/\/www.facebook.com\/pfanner.romania\/\" \/>\n<meta property=\"article:modified_time\" content=\"2020-11-15T23:34:33+00:00\" \/>\n<meta name=\"twitter:card\" content=\"summary_large_image\" \/>\n<meta name=\"twitter:label1\" content=\"Timp estimat pentru citire\" \/>\n\t<meta name=\"twitter:data1\" content=\"6 minute\" \/>\n<script type=\"application\/ld+json\" class=\"yoast-schema-graph\">{\"@context\":\"https:\\\/\\\/schema.org\",\"@graph\":[{\"@type\":\"WebPage\",\"@id\":\"https:\\\/\\\/www.cyromromania.ro\\\/en\\\/utile\\\/gdpr\\\/\",\"url\":\"https:\\\/\\\/www.cyromromania.ro\\\/en\\\/utile\\\/gdpr\\\/\",\"name\":\"Prelucrarea Datelor cu Caracter Personal &#8211; Cyrom Romania\",\"isPartOf\":{\"@id\":\"https:\\\/\\\/www.cyromromania.ro\\\/ro_ro\\\/#website\"},\"datePublished\":\"2020-08-20T10:56:44+00:00\",\"dateModified\":\"2020-11-15T23:34:33+00:00\",\"description\":\"Prin coresponden\u021ba cu Cyrom Rom\u00e2nia, consim\u021bi\u021bi \u00een mod special la prelucrarea datelor cu caracter personal furnizate.\",\"breadcrumb\":{\"@id\":\"https:\\\/\\\/www.cyromromania.ro\\\/en\\\/utile\\\/gdpr\\\/#breadcrumb\"},\"inLanguage\":\"ro-RO\",\"potentialAction\":[{\"@type\":\"ReadAction\",\"target\":[\"https:\\\/\\\/www.cyromromania.ro\\\/en\\\/utile\\\/gdpr\\\/\"]}]},{\"@type\":\"BreadcrumbList\",\"@id\":\"https:\\\/\\\/www.cyromromania.ro\\\/en\\\/utile\\\/gdpr\\\/#breadcrumb\",\"itemListElement\":[{\"@type\":\"ListItem\",\"position\":1,\"name\":\"Home\",\"item\":\"https:\\\/\\\/www.cyromromania.ro\\\/\"},{\"@type\":\"ListItem\",\"position\":2,\"name\":\"Utile\",\"item\":\"https:\\\/\\\/www.cyromromania.ro\\\/en\\\/utile\\\/\"},{\"@type\":\"ListItem\",\"position\":3,\"name\":\"Consim\u021b\u0103m\u00e2nt la prelucrarea datelor cu caracter personal\"}]},{\"@type\":\"WebSite\",\"@id\":\"https:\\\/\\\/www.cyromromania.ro\\\/ro_ro\\\/#website\",\"url\":\"https:\\\/\\\/www.cyromromania.ro\\\/ro_ro\\\/\",\"name\":\"Cyrom Romania\",\"description\":\"\u00cempreun\u0103 din 2002\",\"publisher\":{\"@id\":\"https:\\\/\\\/www.cyromromania.ro\\\/ro_ro\\\/#organization\"},\"potentialAction\":[{\"@type\":\"SearchAction\",\"target\":{\"@type\":\"EntryPoint\",\"urlTemplate\":\"https:\\\/\\\/www.cyromromania.ro\\\/ro_ro\\\/?s={search_term_string}\"},\"query-input\":{\"@type\":\"PropertyValueSpecification\",\"valueRequired\":true,\"valueName\":\"search_term_string\"}}],\"inLanguage\":\"ro-RO\"},{\"@type\":\"Organization\",\"@id\":\"https:\\\/\\\/www.cyromromania.ro\\\/ro_ro\\\/#organization\",\"name\":\"CYROM ROMANIA S.R.L.\",\"url\":\"https:\\\/\\\/www.cyromromania.ro\\\/ro_ro\\\/\",\"logo\":{\"@type\":\"ImageObject\",\"inLanguage\":\"ro-RO\",\"@id\":\"https:\\\/\\\/www.cyromromania.ro\\\/ro_ro\\\/#\\\/schema\\\/logo\\\/image\\\/\",\"url\":\"https:\\\/\\\/www.cyromromania.ro\\\/wp-content\\\/uploads\\\/2020\\\/11\\\/cropped-Logo-Cyrom-1-2.png\",\"contentUrl\":\"https:\\\/\\\/www.cyromromania.ro\\\/wp-content\\\/uploads\\\/2020\\\/11\\\/cropped-Logo-Cyrom-1-2.png\",\"width\":910,\"height\":268,\"caption\":\"CYROM ROMANIA S.R.L.\"},\"image\":{\"@id\":\"https:\\\/\\\/www.cyromromania.ro\\\/ro_ro\\\/#\\\/schema\\\/logo\\\/image\\\/\"},\"sameAs\":[\"https:\\\/\\\/www.facebook.com\\\/pfanner.romania\\\/\"]}]}<\/script>\n<!-- \/ Yoast SEO plugin. -->","yoast_head_json":{"title":"Prelucrarea Datelor cu Caracter Personal &#8211; Cyrom Romania","description":"Prin coresponden\u021ba cu Cyrom Rom\u00e2nia, consim\u021bi\u021bi \u00een mod special la prelucrarea datelor cu caracter personal furnizate.","robots":{"index":"index","follow":"follow","max-snippet":"max-snippet:-1","max-image-preview":"max-image-preview:large","max-video-preview":"max-video-preview:-1"},"canonical":"https:\/\/www.cyromromania.ro\/ro_ro\/utile\/gdpr\/","og_locale":"ro_RO","og_type":"article","og_title":"Prelucrarea Datelor cu Caracter Personal &#8211; Cyrom Romania","og_description":"Prin coresponden\u021ba cu Cyrom Rom\u00e2nia, consim\u021bi\u021bi \u00een mod special la prelucrarea datelor cu caracter personal furnizate.","og_url":"https:\/\/www.cyromromania.ro\/ro_ro\/utile\/gdpr\/","og_site_name":"Cyrom Romania","article_publisher":"https:\/\/www.facebook.com\/pfanner.romania\/","article_modified_time":"2020-11-15T23:34:33+00:00","twitter_card":"summary_large_image","twitter_misc":{"Timp estimat pentru citire":"6 minute"},"schema":{"@context":"https:\/\/schema.org","@graph":[{"@type":"WebPage","@id":"https:\/\/www.cyromromania.ro\/en\/utile\/gdpr\/","url":"https:\/\/www.cyromromania.ro\/en\/utile\/gdpr\/","name":"Prelucrarea Datelor cu Caracter Personal &#8211; Cyrom Romania","isPartOf":{"@id":"https:\/\/www.cyromromania.ro\/ro_ro\/#website"},"datePublished":"2020-08-20T10:56:44+00:00","dateModified":"2020-11-15T23:34:33+00:00","description":"Prin coresponden\u021ba cu Cyrom Rom\u00e2nia, consim\u021bi\u021bi \u00een mod special la prelucrarea datelor cu caracter personal furnizate.","breadcrumb":{"@id":"https:\/\/www.cyromromania.ro\/en\/utile\/gdpr\/#breadcrumb"},"inLanguage":"ro-RO","potentialAction":[{"@type":"ReadAction","target":["https:\/\/www.cyromromania.ro\/en\/utile\/gdpr\/"]}]},{"@type":"BreadcrumbList","@id":"https:\/\/www.cyromromania.ro\/en\/utile\/gdpr\/#breadcrumb","itemListElement":[{"@type":"ListItem","position":1,"name":"Home","item":"https:\/\/www.cyromromania.ro\/"},{"@type":"ListItem","position":2,"name":"Utile","item":"https:\/\/www.cyromromania.ro\/en\/utile\/"},{"@type":"ListItem","position":3,"name":"Consim\u021b\u0103m\u00e2nt la prelucrarea datelor cu caracter personal"}]},{"@type":"WebSite","@id":"https:\/\/www.cyromromania.ro\/ro_ro\/#website","url":"https:\/\/www.cyromromania.ro\/ro_ro\/","name":"Cyrom Romania","description":"\u00cempreun\u0103 din 2002","publisher":{"@id":"https:\/\/www.cyromromania.ro\/ro_ro\/#organization"},"potentialAction":[{"@type":"SearchAction","target":{"@type":"EntryPoint","urlTemplate":"https:\/\/www.cyromromania.ro\/ro_ro\/?s={search_term_string}"},"query-input":{"@type":"PropertyValueSpecification","valueRequired":true,"valueName":"search_term_string"}}],"inLanguage":"ro-RO"},{"@type":"Organization","@id":"https:\/\/www.cyromromania.ro\/ro_ro\/#organization","name":"CYROM ROMANIA S.R.L.","url":"https:\/\/www.cyromromania.ro\/ro_ro\/","logo":{"@type":"ImageObject","inLanguage":"ro-RO","@id":"https:\/\/www.cyromromania.ro\/ro_ro\/#\/schema\/logo\/image\/","url":"https:\/\/www.cyromromania.ro\/wp-content\/uploads\/2020\/11\/cropped-Logo-Cyrom-1-2.png","contentUrl":"https:\/\/www.cyromromania.ro\/wp-content\/uploads\/2020\/11\/cropped-Logo-Cyrom-1-2.png","width":910,"height":268,"caption":"CYROM ROMANIA S.R.L."},"image":{"@id":"https:\/\/www.cyromromania.ro\/ro_ro\/#\/schema\/logo\/image\/"},"sameAs":["https:\/\/www.facebook.com\/pfanner.romania\/"]}]}},"_links":{"self":[{"href":"https:\/\/www.cyromromania.ro\/ro_ro\/wp-json\/wp\/v2\/pages\/1270","targetHints":{"allow":["GET"]}}],"collection":[{"href":"https:\/\/www.cyromromania.ro\/ro_ro\/wp-json\/wp\/v2\/pages"}],"about":[{"href":"https:\/\/www.cyromromania.ro\/ro_ro\/wp-json\/wp\/v2\/types\/page"}],"author":[{"embeddable":true,"href":"https:\/\/www.cyromromania.ro\/ro_ro\/wp-json\/wp\/v2\/users\/3"}],"replies":[{"embeddable":true,"href":"https:\/\/www.cyromromania.ro\/ro_ro\/wp-json\/wp\/v2\/comments?post=1270"}],"version-history":[{"count":6,"href":"https:\/\/www.cyromromania.ro\/ro_ro\/wp-json\/wp\/v2\/pages\/1270\/revisions"}],"predecessor-version":[{"id":3626,"href":"https:\/\/www.cyromromania.ro\/ro_ro\/wp-json\/wp\/v2\/pages\/1270\/revisions\/3626"}],"up":[{"embeddable":true,"href":"https:\/\/www.cyromromania.ro\/ro_ro\/wp-json\/wp\/v2\/pages\/1276"}],"wp:attachment":[{"href":"https:\/\/www.cyromromania.ro\/ro_ro\/wp-json\/wp\/v2\/media?parent=1270"}],"curies":[{"name":"wp","href":"https:\/\/api.w.org\/{rel}","templated":true}]}}