{"id":1273,"date":"2020-08-20T14:08:17","date_gmt":"2020-08-20T11:08:17","guid":{"rendered":"https:\/\/www.cyromromania.ro\/?page_id=1273"},"modified":"2020-11-16T01:34:59","modified_gmt":"2020-11-15T23:34:59","slug":"politica-de-cookies","status":"publish","type":"page","link":"https:\/\/www.cyromromania.ro\/ro_ro\/utile\/politica-de-cookies\/","title":{"rendered":"Politica de Cookies"},"content":{"rendered":"\t\t<div data-elementor-type=\"wp-page\" data-elementor-id=\"1273\" class=\"elementor elementor-1273\" data-elementor-post-type=\"page\">\n\t\t\t\t\t\t<section class=\"elementor-section elementor-top-section elementor-element elementor-element-5a9f0a6 elementor-section-boxed elementor-section-height-default elementor-section-height-default\" data-id=\"5a9f0a6\" data-element_type=\"section\" data-e-type=\"section\">\n\t\t\t\t\t\t<div class=\"elementor-container elementor-column-gap-default\">\n\t\t\t\t\t<div class=\"elementor-column elementor-col-100 elementor-top-column elementor-element elementor-element-9944999\" data-id=\"9944999\" data-element_type=\"column\" data-e-type=\"column\">\n\t\t\t<div class=\"elementor-widget-wrap elementor-element-populated\">\n\t\t\t\t\t\t<div class=\"elementor-element elementor-element-ec74e04 elementor-widget-divider--view-line elementor-widget elementor-widget-divider\" data-id=\"ec74e04\" data-element_type=\"widget\" data-e-type=\"widget\" data-widget_type=\"divider.default\">\n\t\t\t\t<div class=\"elementor-widget-container\">\n\t\t\t\t\t\t\t<div class=\"elementor-divider\">\n\t\t\t<span class=\"elementor-divider-separator\">\n\t\t\t\t\t\t<\/span>\n\t\t<\/div>\n\t\t\t\t\t\t<\/div>\n\t\t\t\t<\/div>\n\t\t\t\t\t<\/div>\n\t\t<\/div>\n\t\t\t\t\t<\/div>\n\t\t<\/section>\n\t\t\t\t<section class=\"elementor-section elementor-top-section elementor-element elementor-element-34b0ee87 elementor-section-boxed elementor-section-height-default elementor-section-height-default\" data-id=\"34b0ee87\" data-element_type=\"section\" data-e-type=\"section\">\n\t\t\t\t\t\t<div class=\"elementor-container elementor-column-gap-default\">\n\t\t\t\t\t<div class=\"elementor-column elementor-col-100 elementor-top-column elementor-element elementor-element-31e09f84\" data-id=\"31e09f84\" data-element_type=\"column\" data-e-type=\"column\">\n\t\t\t<div class=\"elementor-widget-wrap elementor-element-populated\">\n\t\t\t\t\t\t<div class=\"elementor-element elementor-element-bd916ae elementor-widget elementor-widget-text-editor\" data-id=\"bd916ae\" data-element_type=\"widget\" data-e-type=\"widget\" data-widget_type=\"text-editor.default\">\n\t\t\t\t<div class=\"elementor-widget-container\">\n\t\t\t\t\t\t\t\t\t<p>Site-ul www.cyromromania.ro utilizeaz\u0103 cookie-uri pentru a oferi vizitatorilor s\u0103i o experien\u021b\u0103 mai bun\u0103 de navigare \u0219i servicii adaptate intereselor fiec\u0103rui vizitator. V\u0103 prezent\u0103m mai jos informa\u021biile necesare pentru a v\u0103 aduce la cuno\u0219tin\u021b\u0103 detaliile legate de plasarea, utilizarea \u0219i administrarea cookie-urilor utilizate de acest site.\u00a0<\/p><p>Aceast\u0103 Politic\u0103 se aplic\u0103 site-ului: <a href=\"https:\/\/www.cyromromania.ro\/\">https:\/\/www.cyromromania.ro<\/a><\/p><p>Utiliz\u00e2nd acest site sunte\u021bi de acord cu modul de utilizare de c\u0103tre noi a cookie-urilor, \u00een conformitate cu aceast\u0103 Politic\u0103 privind utilizarea lor.<\/p><p>Dac\u0103 nu sunte\u021bi de acord cu modul nostru de utilizare a cookie-urilor, trebuie s\u0103 seta\u021bi corespunz\u0103tor set\u0103rile browser-ului dumneavoastr\u0103.<\/p><p>Dezactivarea cookie-urilor pe care le utiliz\u0103m ar putea afecta experien\u021ba dumneavoastr\u0103 ca utilizator pe acest site.<\/p>\t\t\t\t\t\t\t\t<\/div>\n\t\t\t\t<\/div>\n\t\t\t\t<div class=\"elementor-element elementor-element-73cc5f7 elementor-widget elementor-widget-heading\" data-id=\"73cc5f7\" data-element_type=\"widget\" data-e-type=\"widget\" data-widget_type=\"heading.default\">\n\t\t\t\t<div class=\"elementor-widget-container\">\n\t\t\t\t\t<h2 class=\"elementor-heading-title elementor-size-default\">Ce sunt cookie-urile?<\/h2>\t\t\t\t<\/div>\n\t\t\t\t<\/div>\n\t\t\t\t<div class=\"elementor-element elementor-element-84c5839 elementor-widget elementor-widget-text-editor\" data-id=\"84c5839\" data-element_type=\"widget\" data-e-type=\"widget\" data-widget_type=\"text-editor.default\">\n\t\t\t\t<div class=\"elementor-widget-container\">\n\t\t\t\t\t\t\t\t\t<p>Cookie-urile sunt fi\u0219iere de mici dimensiuni, formate din litere \u0219i numere, care vor fi stocate pe computerul, terminalul mobil sau alte echipamente ale unui utilizator de pe care se acceseaz\u0103 internetul.<\/p><p>Cookie-urile sunt instalate prin solicitarea emis\u0103 de c\u0103tre un web-server, unui browser (ex: Mozila Firefox, Chrome).<\/p><p>Cookie-urile sunt complet \u201cpasive\u201d (nu con\u021bin programe software, viru\u0219i sau spyware \u0219i nu pot accesa informa\u021biile de pe hard driverul utilizatorului).<\/p><p>Un cookie este format din 2 p\u0103r\u021bi: numele \u0219i con\u021binutul sau valoarea cookie-ului. Durata de existen\u021b\u0103 a unui cookie este determinat\u0103; tehnic, doar webserverul care a trimis cookie-ul \u00eel poate accesa din nou \u00een momentul \u00een care un utilizator se \u00eentoarce pe website-ul asociat web-serverului respectiv.<\/p><p>Cookie-urile \u00een sine nu solicit\u0103 informa\u021bii cu caracter personal pentru a putea fi utilizate \u0219i, \u00een cele mai multe cazuri, nu identific\u0103 personal utilizatorii de internet.<\/p><p>Exist\u0103 2 categorii mari de cookie-uri:\u00a0<\/p><ol><li><strong>cookie-uri de sesiune<\/strong>: sunt stocate temporar \u00een dosarul de cookie-uri al browserului web pentru ca acesta s\u0103 le memoreze p\u00e2n\u0103 c\u00e2nd utilizatorul iese de pe web-siteul respectiv sau \u00eenchide fereastra browserului;<\/li><li><strong>cookie-uri persistente<\/strong>: sunt stocate pe hard-drive-ul unui computer sau echipament \u0219i sunt activate din nou c\u00e2nd vizita\u021bi site-ul care a creat acel cookie specific. Cookie-urile persistente le includ \u0219i pe cele plasate de un alt website dec\u00e2t cel pe care il viziteaz\u0103 utilizatorul la momentul respectiv. Acestea sunt cunoscute sub numele de \u201cthird party cookies\u201d respectiv cookie-uri plasate de ter\u021bi. \u00a0Acestea memoreaz\u0103 interesele unui utilizator pentru a livra informatii c\u00e2t mai relevant\u0103 pentru acesta.<\/li><\/ol>\t\t\t\t\t\t\t\t<\/div>\n\t\t\t\t<\/div>\n\t\t\t\t<div class=\"elementor-element elementor-element-cd7e76d elementor-widget elementor-widget-heading\" data-id=\"cd7e76d\" data-element_type=\"widget\" data-e-type=\"widget\" data-widget_type=\"heading.default\">\n\t\t\t\t<div class=\"elementor-widget-container\">\n\t\t\t\t\t<h2 class=\"elementor-heading-title elementor-size-default\">Care este durata de via\u021b\u0103 a unui cookie?<\/h2>\t\t\t\t<\/div>\n\t\t\t\t<\/div>\n\t\t\t\t<div class=\"elementor-element elementor-element-abfc08e elementor-widget elementor-widget-text-editor\" data-id=\"abfc08e\" data-element_type=\"widget\" data-e-type=\"widget\" data-widget_type=\"text-editor.default\">\n\t\t\t\t<div class=\"elementor-widget-container\">\n\t\t\t\t\t\t\t\t\t<p>Durata de via\u021b\u0103 a unui cookie poate varia semnificativ, \u00een func\u021bie de scopul pentru care acesta este plasat. Unele cookie-uri sunt menite unei singure utiliz\u0103ri (cum este cazul cookie-urilor de sesiune), prin urmare nu sunt men\u021binute odat\u0103 ce utilizatorul p\u0103r\u0103se\u0219te site-ul. Alte cookie-uri sunt men\u021binute \u0219i reutilizate de fiecare dat\u0103 c\u00e2nd utilizatorul revine pe site (cookie-uri persistente). Totu\u0219i, cookie-urile pot fi \u0219terse de utilizator \u00een orice moment prin utilizarea set\u0103rilor browser-ului.<\/p>\t\t\t\t\t\t\t\t<\/div>\n\t\t\t\t<\/div>\n\t\t\t\t<div class=\"elementor-element elementor-element-32fb481 elementor-widget elementor-widget-heading\" data-id=\"32fb481\" data-element_type=\"widget\" data-e-type=\"widget\" data-widget_type=\"heading.default\">\n\t\t\t\t<div class=\"elementor-widget-container\">\n\t\t\t\t\t<h2 class=\"elementor-heading-title elementor-size-default\">Ce sunt cookie-urile plasate de ter\u021bi?<\/h2>\t\t\t\t<\/div>\n\t\t\t\t<\/div>\n\t\t\t\t<div class=\"elementor-element elementor-element-f079a21 elementor-widget elementor-widget-text-editor\" data-id=\"f079a21\" data-element_type=\"widget\" data-e-type=\"widget\" data-widget_type=\"text-editor.default\">\n\t\t\t\t<div class=\"elementor-widget-container\">\n\t\t\t\t\t\t\t\t\t<p>Unele sec\u021biuni de con\u021binut ale unor site-uri pot fi furnizate prin cookie-uri ale ter\u021bilor cum este cazul unei reclame. Astfel de cookie-uri pot fi plasate pe site \u0219i sunt denumite cookie-uri plasate de ter\u021bi \u00eentruc\u00e2t nu sunt plasate de proprietarul site-ului. Astfel de ter\u021bi sunt la r\u00e2ndul lor obliga\u021bi s\u0103 respecte reglement\u0103rile legale aplicabile \u0219i politicile de confiden\u021bialitate ale proprietarului site-ului respectiv.<\/p>\t\t\t\t\t\t\t\t<\/div>\n\t\t\t\t<\/div>\n\t\t\t\t<div class=\"elementor-element elementor-element-9fa2e74 elementor-widget elementor-widget-heading\" data-id=\"9fa2e74\" data-element_type=\"widget\" data-e-type=\"widget\" data-widget_type=\"heading.default\">\n\t\t\t\t<div class=\"elementor-widget-container\">\n\t\t\t\t\t<h2 class=\"elementor-heading-title elementor-size-default\">De ce sunt cookie-urile importante pentru internet?<\/h2>\t\t\t\t<\/div>\n\t\t\t\t<\/div>\n\t\t\t\t<div class=\"elementor-element elementor-element-c6f1095 elementor-widget elementor-widget-text-editor\" data-id=\"c6f1095\" data-element_type=\"widget\" data-e-type=\"widget\" data-widget_type=\"text-editor.default\">\n\t\t\t\t<div class=\"elementor-widget-container\">\n\t\t\t\t\t\t\t\t\t<p>Cookie-urile reprezint\u0103 punctul central al func\u021bion\u0103rii eficiente a Internetului, ajut\u00e2nd la generarea unei experien\u021be de navigare prietenoase \u0219i adaptat\u0103 preferin\u021belor \u0219i intereselor fiec\u0103rui utilizator.<br \/>Refuzarea sau dezactivarea cookie-urilor poate face unele site-uri imposibil de folosit. Refuzarea sau dezactivarea cookie-urilor nu \u00eenseamn\u0103 c\u0103 nu ve\u021bi mai primi publicitate online \u2013 ci doar c\u0103 aceasta nu va mai putea \u021bine cont de preferin\u021bele \u0219i interesele dvs, eviden\u021biate prin comportamentul de navigare.<\/p>\t\t\t\t\t\t\t\t<\/div>\n\t\t\t\t<\/div>\n\t\t\t\t<div class=\"elementor-element elementor-element-d2736a7 elementor-widget elementor-widget-heading\" data-id=\"d2736a7\" data-element_type=\"widget\" data-e-type=\"widget\" data-widget_type=\"heading.default\">\n\t\t\t\t<div class=\"elementor-widget-container\">\n\t\t\t\t\t<h2 class=\"elementor-heading-title elementor-size-default\">Ce tipuri de cookie-uri folosim?<\/h2>\t\t\t\t<\/div>\n\t\t\t\t<\/div>\n\t\t\t\t<div class=\"elementor-element elementor-element-717dadf elementor-widget elementor-widget-text-editor\" data-id=\"717dadf\" data-element_type=\"widget\" data-e-type=\"widget\" data-widget_type=\"text-editor.default\">\n\t\t\t\t<div class=\"elementor-widget-container\">\n\t\t\t\t\t\t\t\t\t<p>Acces\u00e2nd acest site se pot plasa urm\u0103toarele tipuri de cookie-uri:<\/p><ul><li><strong><em>de performan\u021b\u0103 a site-ului:<\/em><\/strong> acestea re\u021bin preferin\u021bele utilizatorului pe acest site;<\/li><li><strong><em>de analiz\u0103 a vizitatorilor:<\/em> <\/strong>acestea ne spun dac\u0103 a\u021bi mai vizitat acest site p\u00e2n\u0103 acum; browserul ne va spune dac\u0103 ave\u021bi acest cookie, iar dac\u0103 nu, vom genera unul;<\/li><li><em><strong>de \u00eenregistrare:<\/strong><\/em> acestea ne anun\u021b\u0103 dac\u0103 sunte\u021bi \u00eenregistrat sau nu, ne arat\u0103 contul cu care sunte\u021bi \u00eenregistrat \u0219i dac\u0103 ave\u021bi permisiunea pentru un anumit serviciu;<\/li><\/ul>\t\t\t\t\t\t\t\t<\/div>\n\t\t\t\t<\/div>\n\t\t\t\t<div class=\"elementor-element elementor-element-d1e2b6a elementor-widget elementor-widget-heading\" data-id=\"d1e2b6a\" data-element_type=\"widget\" data-e-type=\"widget\" data-widget_type=\"heading.default\">\n\t\t\t\t<div class=\"elementor-widget-container\">\n\t\t\t\t\t<h2 class=\"elementor-heading-title elementor-size-default\">\u0218tergerea sau modificarea cookie-urilor<\/h2>\t\t\t\t<\/div>\n\t\t\t\t<\/div>\n\t\t\t\t<div class=\"elementor-element elementor-element-933f54a elementor-widget elementor-widget-text-editor\" data-id=\"933f54a\" data-element_type=\"widget\" data-e-type=\"widget\" data-widget_type=\"text-editor.default\">\n\t\t\t\t<div class=\"elementor-widget-container\">\n\t\t\t\t\t\t\t\t\t<p>Aplica\u021biile folosite pentru accesarea paginilor web permit salvarea Cookie-urilor pe terminal \u00een mod implicit. Aceste set\u0103ri pot fi schimbate \u00een a\u0219a fel inc\u00e2t administrarea automat\u0103 a Cookie-urilor s\u0103 fie blocat\u0103 de browser-ul web sau utilizatorul s\u0103 fie informat de fiecare dat\u0103 c\u00e2nd Cookie-uri sunt trimise c\u0103tre terminalul s\u0103u. Informa\u021bii detaliate despre posibilit\u0103\u021bile \u0219i modurile de administrare a Cookie-urilor pot fi g\u0103site \u00een zona de set\u0103ri a aplica\u021biei (browser-ului web). Limitarea folosirii Cookie-urilor poate afecta anumite func\u021bionalit\u0103\u021bi ale paginii web.<\/p><p>Majoritatea browserelor ofer\u0103 posibilitatea de a schimba set\u0103rile cookie-urilor. Aceste set\u0103ri se g\u0103sesc de regul\u0103 \u00een \u201cop\u021biuni\u201d sau \u00een meniul de \u201cpreferin\u021be\u201d al browserului t\u0103u.<\/p><p>Pentru a \u00een\u021belege aceste set\u0103ri, urm\u0103toarele linkuri pot fi folositoare, altfel pute\u021bi folosi op\u021biunea \u201cajutor\u201d a browserului pentru mai multe detalii.<\/p><p><strong><em><a href=\"https:\/\/support.microsoft.com\/en-gb\/help\/17442\/windows-internet-explorer-delete-manage-cookies\">Cookie settings in Internet Explorer<\/a><\/em><\/strong><\/p><p><strong><em><a href=\"https:\/\/support.mozilla.org\/en-US\/kb\/cookies-information-websites-store-on-your-computer?redirectlocale=en-US&amp;redirectslug=Cookies\">Cookie settings in Firefox<\/a><\/em><\/strong><\/p><p><strong><em><a href=\"https:\/\/support.google.com\/chrome\/answer\/95647?hl=en\">Cookie settings in Chrome<\/a><\/em><\/strong><\/p><p><strong><em><a href=\"http:\/\/support.apple.com\/kb\/PH5042\">Cookie settings in Safari<\/a><\/em><\/strong><\/p><p>Pentru set\u0103rile cookie-urilor generate de ter\u021bi, pute\u021bi consulta \u0219i site-ul:\u00a0<\/p><p><a href=\"http:\/\/www.youronlinechoices.com\/ro\/\">http:\/\/www.youronlinechoices.com\/ro\/<\/a><\/p>\t\t\t\t\t\t\t\t<\/div>\n\t\t\t\t<\/div>\n\t\t\t\t\t<\/div>\n\t\t<\/div>\n\t\t\t\t\t<\/div>\n\t\t<\/section>\n\t\t\t\t<\/div>\n\t\t","protected":false},"excerpt":{"rendered":"<p>Site-ul www.cyromromania.ro utilizeaz\u0103 cookie-uri pentru a oferi vizitatorilor s\u0103i o experien\u021b\u0103 mai bun\u0103 de navigare \u0219i servicii adaptate intereselor fiec\u0103rui vizitator. V\u0103 prezent\u0103m mai jos informa\u021biile necesare pentru a v\u0103 aduce la cuno\u0219tin\u021b\u0103 detaliile legate de plasarea, utilizarea \u0219i administrarea cookie-urilor utilizate de acest site.\u00a0 Aceast\u0103 Politic\u0103 se aplic\u0103 site-ului: https:\/\/www.cyromromania.ro Utiliz\u00e2nd acest site sunte\u021bi [&hellip;]<\/p>\n","protected":false},"author":3,"featured_media":0,"parent":1276,"menu_order":0,"comment_status":"closed","ping_status":"closed","template":"","meta":{"site-sidebar-layout":"default","site-content-layout":"default","ast-site-content-layout":"default","site-content-style":"default","site-sidebar-style":"default","ast-global-header-display":"","ast-banner-title-visibility":"","ast-main-header-display":"","ast-hfb-above-header-display":"","ast-hfb-below-header-display":"","ast-hfb-mobile-header-display":"","site-post-title":"","ast-breadcrumbs-content":"","ast-featured-img":"","footer-sml-layout":"","theme-transparent-header-meta":"default","adv-header-id-meta":"","stick-header-meta":"","header-above-stick-meta":"","header-main-stick-meta":"","header-below-stick-meta":"","astra-migrate-meta-layouts":"default","ast-page-background-enabled":"default","ast-page-background-meta":{"desktop":{"background-color":"","background-image":"","background-repeat":"repeat","background-position":"center center","background-size":"auto","background-attachment":"scroll","background-type":"","background-media":"","overlay-type":"","overlay-color":"","overlay-opacity":"","overlay-gradient":""},"tablet":{"background-color":"","background-image":"","background-repeat":"repeat","background-position":"center center","background-size":"auto","background-attachment":"scroll","background-type":"","background-media":"","overlay-type":"","overlay-color":"","overlay-opacity":"","overlay-gradient":""},"mobile":{"background-color":"","background-image":"","background-repeat":"repeat","background-position":"center center","background-size":"auto","background-attachment":"scroll","background-type":"","background-media":"","overlay-type":"","overlay-color":"","overlay-opacity":"","overlay-gradient":""}},"ast-content-background-meta":{"desktop":{"background-color":"var(--ast-global-color-5)","background-image":"","background-repeat":"repeat","background-position":"center center","background-size":"auto","background-attachment":"scroll","background-type":"","background-media":"","overlay-type":"","overlay-color":"","overlay-opacity":"","overlay-gradient":""},"tablet":{"background-color":"var(--ast-global-color-5)","background-image":"","background-repeat":"repeat","background-position":"center center","background-size":"auto","background-attachment":"scroll","background-type":"","background-media":"","overlay-type":"","overlay-color":"","overlay-opacity":"","overlay-gradient":""},"mobile":{"background-color":"var(--ast-global-color-5)","background-image":"","background-repeat":"repeat","background-position":"center center","background-size":"auto","background-attachment":"scroll","background-type":"","background-media":"","overlay-type":"","overlay-color":"","overlay-opacity":"","overlay-gradient":""}},"footnotes":""},"class_list":["post-1273","page","type-page","status-publish","hentry"],"yoast_head":"<!-- This site is optimized with the Yoast SEO plugin v27.4 - https:\/\/yoast.com\/product\/yoast-seo-wordpress\/ -->\n<title>Politica de Cookies &#8211; Cyrom Romania<\/title>\n<meta name=\"description\" content=\"Acest site utilizeaz\u0103 cookie-uri pentru a oferi vizitatorilor o experien\u021b\u0103 de navigare \u0219i adaptat\u0103 intereselor fiec\u0103rui vizitator.\" \/>\n<meta name=\"robots\" content=\"index, follow, max-snippet:-1, max-image-preview:large, max-video-preview:-1\" \/>\n<link rel=\"canonical\" href=\"https:\/\/www.cyromromania.ro\/ro_ro\/utile\/politica-de-cookies\/\" \/>\n<meta property=\"og:locale\" content=\"ro_RO\" \/>\n<meta property=\"og:type\" content=\"article\" \/>\n<meta property=\"og:title\" content=\"Politica de Cookies &#8211; Cyrom Romania\" \/>\n<meta property=\"og:description\" content=\"Acest site utilizeaz\u0103 cookie-uri pentru a oferi vizitatorilor o experien\u021b\u0103 de navigare \u0219i adaptat\u0103 intereselor fiec\u0103rui vizitator.\" \/>\n<meta property=\"og:url\" content=\"https:\/\/www.cyromromania.ro\/ro_ro\/utile\/politica-de-cookies\/\" \/>\n<meta property=\"og:site_name\" content=\"Cyrom Romania\" \/>\n<meta property=\"article:publisher\" content=\"https:\/\/www.facebook.com\/pfanner.romania\/\" \/>\n<meta property=\"article:modified_time\" content=\"2020-11-15T23:34:59+00:00\" \/>\n<meta name=\"twitter:card\" content=\"summary_large_image\" \/>\n<meta name=\"twitter:label1\" content=\"Timp estimat pentru citire\" \/>\n\t<meta name=\"twitter:data1\" content=\"5 minute\" \/>\n<script type=\"application\/ld+json\" class=\"yoast-schema-graph\">{\"@context\":\"https:\\\/\\\/schema.org\",\"@graph\":[{\"@type\":\"WebPage\",\"@id\":\"https:\\\/\\\/www.cyromromania.ro\\\/en\\\/utile\\\/politica-de-cookies\\\/\",\"url\":\"https:\\\/\\\/www.cyromromania.ro\\\/en\\\/utile\\\/politica-de-cookies\\\/\",\"name\":\"Politica de Cookies &#8211; Cyrom Romania\",\"isPartOf\":{\"@id\":\"https:\\\/\\\/www.cyromromania.ro\\\/ro_ro\\\/#website\"},\"datePublished\":\"2020-08-20T11:08:17+00:00\",\"dateModified\":\"2020-11-15T23:34:59+00:00\",\"description\":\"Acest site utilizeaz\u0103 cookie-uri pentru a oferi vizitatorilor o experien\u021b\u0103 de navigare \u0219i adaptat\u0103 intereselor fiec\u0103rui vizitator.\",\"breadcrumb\":{\"@id\":\"https:\\\/\\\/www.cyromromania.ro\\\/en\\\/utile\\\/politica-de-cookies\\\/#breadcrumb\"},\"inLanguage\":\"ro-RO\",\"potentialAction\":[{\"@type\":\"ReadAction\",\"target\":[\"https:\\\/\\\/www.cyromromania.ro\\\/en\\\/utile\\\/politica-de-cookies\\\/\"]}]},{\"@type\":\"BreadcrumbList\",\"@id\":\"https:\\\/\\\/www.cyromromania.ro\\\/en\\\/utile\\\/politica-de-cookies\\\/#breadcrumb\",\"itemListElement\":[{\"@type\":\"ListItem\",\"position\":1,\"name\":\"Home\",\"item\":\"https:\\\/\\\/www.cyromromania.ro\\\/\"},{\"@type\":\"ListItem\",\"position\":2,\"name\":\"Utile\",\"item\":\"https:\\\/\\\/www.cyromromania.ro\\\/en\\\/utile\\\/\"},{\"@type\":\"ListItem\",\"position\":3,\"name\":\"Politica de Cookies\"}]},{\"@type\":\"WebSite\",\"@id\":\"https:\\\/\\\/www.cyromromania.ro\\\/ro_ro\\\/#website\",\"url\":\"https:\\\/\\\/www.cyromromania.ro\\\/ro_ro\\\/\",\"name\":\"Cyrom Romania\",\"description\":\"\u00cempreun\u0103 din 2002\",\"publisher\":{\"@id\":\"https:\\\/\\\/www.cyromromania.ro\\\/ro_ro\\\/#organization\"},\"potentialAction\":[{\"@type\":\"SearchAction\",\"target\":{\"@type\":\"EntryPoint\",\"urlTemplate\":\"https:\\\/\\\/www.cyromromania.ro\\\/ro_ro\\\/?s={search_term_string}\"},\"query-input\":{\"@type\":\"PropertyValueSpecification\",\"valueRequired\":true,\"valueName\":\"search_term_string\"}}],\"inLanguage\":\"ro-RO\"},{\"@type\":\"Organization\",\"@id\":\"https:\\\/\\\/www.cyromromania.ro\\\/ro_ro\\\/#organization\",\"name\":\"CYROM ROMANIA S.R.L.\",\"url\":\"https:\\\/\\\/www.cyromromania.ro\\\/ro_ro\\\/\",\"logo\":{\"@type\":\"ImageObject\",\"inLanguage\":\"ro-RO\",\"@id\":\"https:\\\/\\\/www.cyromromania.ro\\\/ro_ro\\\/#\\\/schema\\\/logo\\\/image\\\/\",\"url\":\"https:\\\/\\\/www.cyromromania.ro\\\/wp-content\\\/uploads\\\/2020\\\/11\\\/cropped-Logo-Cyrom-1-2.png\",\"contentUrl\":\"https:\\\/\\\/www.cyromromania.ro\\\/wp-content\\\/uploads\\\/2020\\\/11\\\/cropped-Logo-Cyrom-1-2.png\",\"width\":910,\"height\":268,\"caption\":\"CYROM ROMANIA S.R.L.\"},\"image\":{\"@id\":\"https:\\\/\\\/www.cyromromania.ro\\\/ro_ro\\\/#\\\/schema\\\/logo\\\/image\\\/\"},\"sameAs\":[\"https:\\\/\\\/www.facebook.com\\\/pfanner.romania\\\/\"]}]}<\/script>\n<!-- \/ Yoast SEO plugin. -->","yoast_head_json":{"title":"Politica de Cookies &#8211; Cyrom Romania","description":"Acest site utilizeaz\u0103 cookie-uri pentru a oferi vizitatorilor o experien\u021b\u0103 de navigare \u0219i adaptat\u0103 intereselor fiec\u0103rui vizitator.","robots":{"index":"index","follow":"follow","max-snippet":"max-snippet:-1","max-image-preview":"max-image-preview:large","max-video-preview":"max-video-preview:-1"},"canonical":"https:\/\/www.cyromromania.ro\/ro_ro\/utile\/politica-de-cookies\/","og_locale":"ro_RO","og_type":"article","og_title":"Politica de Cookies &#8211; Cyrom Romania","og_description":"Acest site utilizeaz\u0103 cookie-uri pentru a oferi vizitatorilor o experien\u021b\u0103 de navigare \u0219i adaptat\u0103 intereselor fiec\u0103rui vizitator.","og_url":"https:\/\/www.cyromromania.ro\/ro_ro\/utile\/politica-de-cookies\/","og_site_name":"Cyrom Romania","article_publisher":"https:\/\/www.facebook.com\/pfanner.romania\/","article_modified_time":"2020-11-15T23:34:59+00:00","twitter_card":"summary_large_image","twitter_misc":{"Timp estimat pentru citire":"5 minute"},"schema":{"@context":"https:\/\/schema.org","@graph":[{"@type":"WebPage","@id":"https:\/\/www.cyromromania.ro\/en\/utile\/politica-de-cookies\/","url":"https:\/\/www.cyromromania.ro\/en\/utile\/politica-de-cookies\/","name":"Politica de Cookies &#8211; Cyrom Romania","isPartOf":{"@id":"https:\/\/www.cyromromania.ro\/ro_ro\/#website"},"datePublished":"2020-08-20T11:08:17+00:00","dateModified":"2020-11-15T23:34:59+00:00","description":"Acest site utilizeaz\u0103 cookie-uri pentru a oferi vizitatorilor o experien\u021b\u0103 de navigare \u0219i adaptat\u0103 intereselor fiec\u0103rui vizitator.","breadcrumb":{"@id":"https:\/\/www.cyromromania.ro\/en\/utile\/politica-de-cookies\/#breadcrumb"},"inLanguage":"ro-RO","potentialAction":[{"@type":"ReadAction","target":["https:\/\/www.cyromromania.ro\/en\/utile\/politica-de-cookies\/"]}]},{"@type":"BreadcrumbList","@id":"https:\/\/www.cyromromania.ro\/en\/utile\/politica-de-cookies\/#breadcrumb","itemListElement":[{"@type":"ListItem","position":1,"name":"Home","item":"https:\/\/www.cyromromania.ro\/"},{"@type":"ListItem","position":2,"name":"Utile","item":"https:\/\/www.cyromromania.ro\/en\/utile\/"},{"@type":"ListItem","position":3,"name":"Politica de Cookies"}]},{"@type":"WebSite","@id":"https:\/\/www.cyromromania.ro\/ro_ro\/#website","url":"https:\/\/www.cyromromania.ro\/ro_ro\/","name":"Cyrom Romania","description":"\u00cempreun\u0103 din 2002","publisher":{"@id":"https:\/\/www.cyromromania.ro\/ro_ro\/#organization"},"potentialAction":[{"@type":"SearchAction","target":{"@type":"EntryPoint","urlTemplate":"https:\/\/www.cyromromania.ro\/ro_ro\/?s={search_term_string}"},"query-input":{"@type":"PropertyValueSpecification","valueRequired":true,"valueName":"search_term_string"}}],"inLanguage":"ro-RO"},{"@type":"Organization","@id":"https:\/\/www.cyromromania.ro\/ro_ro\/#organization","name":"CYROM ROMANIA S.R.L.","url":"https:\/\/www.cyromromania.ro\/ro_ro\/","logo":{"@type":"ImageObject","inLanguage":"ro-RO","@id":"https:\/\/www.cyromromania.ro\/ro_ro\/#\/schema\/logo\/image\/","url":"https:\/\/www.cyromromania.ro\/wp-content\/uploads\/2020\/11\/cropped-Logo-Cyrom-1-2.png","contentUrl":"https:\/\/www.cyromromania.ro\/wp-content\/uploads\/2020\/11\/cropped-Logo-Cyrom-1-2.png","width":910,"height":268,"caption":"CYROM ROMANIA S.R.L."},"image":{"@id":"https:\/\/www.cyromromania.ro\/ro_ro\/#\/schema\/logo\/image\/"},"sameAs":["https:\/\/www.facebook.com\/pfanner.romania\/"]}]}},"_links":{"self":[{"href":"https:\/\/www.cyromromania.ro\/ro_ro\/wp-json\/wp\/v2\/pages\/1273","targetHints":{"allow":["GET"]}}],"collection":[{"href":"https:\/\/www.cyromromania.ro\/ro_ro\/wp-json\/wp\/v2\/pages"}],"about":[{"href":"https:\/\/www.cyromromania.ro\/ro_ro\/wp-json\/wp\/v2\/types\/page"}],"author":[{"embeddable":true,"href":"https:\/\/www.cyromromania.ro\/ro_ro\/wp-json\/wp\/v2\/users\/3"}],"replies":[{"embeddable":true,"href":"https:\/\/www.cyromromania.ro\/ro_ro\/wp-json\/wp\/v2\/comments?post=1273"}],"version-history":[{"count":4,"href":"https:\/\/www.cyromromania.ro\/ro_ro\/wp-json\/wp\/v2\/pages\/1273\/revisions"}],"predecessor-version":[{"id":3627,"href":"https:\/\/www.cyromromania.ro\/ro_ro\/wp-json\/wp\/v2\/pages\/1273\/revisions\/3627"}],"up":[{"embeddable":true,"href":"https:\/\/www.cyromromania.ro\/ro_ro\/wp-json\/wp\/v2\/pages\/1276"}],"wp:attachment":[{"href":"https:\/\/www.cyromromania.ro\/ro_ro\/wp-json\/wp\/v2\/media?parent=1273"}],"curies":[{"name":"wp","href":"https:\/\/api.w.org\/{rel}","templated":true}]}}